{"id":8780,"date":"2023-06-13T12:49:08","date_gmt":"2023-06-13T10:49:08","guid":{"rendered":"https:\/\/mitrestorres.com\/mi-fundacion-alex\/innovacion\/"},"modified":"2023-06-15T12:15:17","modified_gmt":"2023-06-15T10:15:17","slug":"innovacio","status":"publish","type":"page","link":"https:\/\/mitrestorres.com\/ca\/mi-fundacio-alex\/innovacio\/","title":{"rendered":"Innovaci\u00f3"},"content":{"rendered":"","protected":false},"excerpt":{"rendered":"<p>La investigaci\u00f3 contribueix a la millora de la salut mundial i, per tant, en la qualitat de vida de les persones. Per aix\u00f2, des de Mi Fundaci\u00f3 Alex impulsem petites accions de recerca per assolir una atenci\u00f3 m\u00e8dica integral de qualitat i per desenvolupar programes de prevenci\u00f3.<\/p>\n","protected":false},"author":1,"featured_media":0,"parent":8099,"menu_order":0,"comment_status":"closed","ping_status":"closed","template":"templates\/proyectes.php","meta":{"_acf_changed":false,"_uag_custom_page_level_css":"","footnotes":""},"class_list":["post-8780","page","type-page","status-publish","hentry"],"acf":{"content":"<p>A Mi Fundaci\u00f3 Alex donem suport a investigadors que vulguin canviar la realitat del seu entorn. Impulsem i financem projectes de recerca que tinguen un impacte real en la millora de la vida de les persones.<\/p>\n","coneix":{"title":"Conoce los proyectos de Innovaci\u00f3n en Cl\u00ednica Mi Tres Torres"},"image":{"ID":8163,"id":8163,"title":"mifa_innovacion","filename":"mifa_innovacion.png","filesize":1271701,"url":"https:\/\/mitrestorres.com\/wp-content\/uploads\/sites\/2\/2023\/06\/mifa_innovacion.png","link":"https:\/\/mitrestorres.com\/ca\/mi-fundacio-alex\/innovacio\/mifa_innovacion-2\/","alt":"","author":"1","description":"","caption":"","name":"mifa_innovacion-2","status":"inherit","uploaded_to":8780,"date":"2023-06-13 10:56:26","modified":"2023-06-13 10:56:26","menu_order":0,"mime_type":"image\/png","type":"image","subtype":"png","icon":"https:\/\/mitrestorres.com\/wp-includes\/images\/media\/default.png","width":1366,"height":900,"sizes":{"thumbnail":"https:\/\/mitrestorres.com\/wp-content\/uploads\/sites\/2\/2023\/06\/mifa_innovacion-150x150.png","thumbnail-width":150,"thumbnail-height":150,"medium":"https:\/\/mitrestorres.com\/wp-content\/uploads\/sites\/2\/2023\/06\/mifa_innovacion-300x198.png","medium-width":300,"medium-height":198,"medium_large":"https:\/\/mitrestorres.com\/wp-content\/uploads\/sites\/2\/2023\/06\/mifa_innovacion-768x506.png","medium_large-width":640,"medium_large-height":422,"large":"https:\/\/mitrestorres.com\/wp-content\/uploads\/sites\/2\/2023\/06\/mifa_innovacion-1024x675.png","large-width":640,"large-height":422,"1536x1536":"https:\/\/mitrestorres.com\/wp-content\/uploads\/sites\/2\/2023\/06\/mifa_innovacion.png","1536x1536-width":1366,"1536x1536-height":900,"2048x2048":"https:\/\/mitrestorres.com\/wp-content\/uploads\/sites\/2\/2023\/06\/mifa_innovacion.png","2048x2048-width":1366,"2048x2048-height":900}}},"uagb_featured_image_src":{"full":false,"thumbnail":false,"medium":false,"medium_large":false,"large":false,"1536x1536":false,"2048x2048":false},"uagb_author_info":{"display_name":"@clinicasmi","author_link":"https:\/\/mitrestorres.com\/ca\/author\/clinicasmi\/"},"uagb_comment_info":0,"uagb_excerpt":"La investigaci\u00f3 contribueix a la millora de la salut mundial i, per tant, en la qualitat de vida de les persones. Per aix\u00f2, des de Mi Fundaci\u00f3 Alex impulsem petites accions de recerca per assolir una atenci\u00f3 m\u00e8dica integral de qualitat i per desenvolupar programes de prevenci\u00f3.","_links":{"self":[{"href":"https:\/\/mitrestorres.com\/ca\/wp-json\/wp\/v2\/pages\/8780","targetHints":{"allow":["GET"]}}],"collection":[{"href":"https:\/\/mitrestorres.com\/ca\/wp-json\/wp\/v2\/pages"}],"about":[{"href":"https:\/\/mitrestorres.com\/ca\/wp-json\/wp\/v2\/types\/page"}],"author":[{"embeddable":true,"href":"https:\/\/mitrestorres.com\/ca\/wp-json\/wp\/v2\/users\/1"}],"replies":[{"embeddable":true,"href":"https:\/\/mitrestorres.com\/ca\/wp-json\/wp\/v2\/comments?post=8780"}],"version-history":[{"count":2,"href":"https:\/\/mitrestorres.com\/ca\/wp-json\/wp\/v2\/pages\/8780\/revisions"}],"predecessor-version":[{"id":8791,"href":"https:\/\/mitrestorres.com\/ca\/wp-json\/wp\/v2\/pages\/8780\/revisions\/8791"}],"up":[{"embeddable":true,"href":"https:\/\/mitrestorres.com\/ca\/wp-json\/wp\/v2\/pages\/8099"}],"wp:attachment":[{"href":"https:\/\/mitrestorres.com\/ca\/wp-json\/wp\/v2\/media?parent=8780"}],"curies":[{"name":"wp","href":"https:\/\/api.w.org\/{rel}","templated":true}]}}