{"id":8778,"date":"2023-06-13T12:48:12","date_gmt":"2023-06-13T10:48:12","guid":{"rendered":"https:\/\/mitrestorres.com\/mi-fundacion-alex\/habitos-saludables\/"},"modified":"2023-06-21T11:00:12","modified_gmt":"2023-06-21T09:00:12","slug":"habits-saludables","status":"publish","type":"page","link":"https:\/\/mitrestorres.com\/ca\/mi-fundacio-alex\/habits-saludables\/","title":{"rendered":"H\u00e0bits saludables"},"content":{"rendered":"\n<p>Els h\u00e0bits saludables s\u00f3n la f\u00f3rmula de m\u00e9s \u00e8xit per no emmalaltir. Per aix\u00f2, juntament amb Cl\u00ednicas Mi, promovem accions que fomentin un estil de vida saludable i una salut inclusiva.<\/p>\n","protected":false},"excerpt":{"rendered":"<p>Els h\u00e0bits saludables s\u00f3n la f\u00f3rmula de m\u00e9s \u00e8xit per no emmalaltir. Per aix\u00f2, juntament amb Cl\u00ednicas Mi, promovem accions que fomentin un estil de vida saludable i una salut inclusiva.<\/p>\n","protected":false},"author":1,"featured_media":0,"parent":8099,"menu_order":0,"comment_status":"closed","ping_status":"closed","template":"templates\/proyectes.php","meta":{"_acf_changed":false,"_uag_custom_page_level_css":"","footnotes":""},"class_list":["post-8778","page","type-page","status-publish","hentry"],"acf":{"content":"<p>Un estil de vida saludable inclou h\u00e0bits que afavoreixen el benestar f\u00edsic, mental i social. A Mi Fundaci\u00f3 Alex promovem un estil de vida saludable per gaudir de millor salut i tenir una vida m\u00e9s plena, en especial atenci\u00f3 als col\u00b7lectius de m\u00e9s risc.<\/p>\n","coneix":{"title":"Conoce los proyectos de H\u00e1bitos saludables en Cl\u00ednica Mi Tres Torres"},"image":{"ID":8155,"id":8155,"title":"mifa_habitossaludables_","filename":"mifa_habitossaludables_.png","filesize":4072134,"url":"https:\/\/mitrestorres.com\/wp-content\/uploads\/sites\/2\/2023\/06\/mifa_habitossaludables_.png","link":"https:\/\/mitrestorres.com\/ca\/mi-fundacio-alex\/habits-saludables\/mifa_habitossaludables_-2\/","alt":"","author":"1","description":"","caption":"","name":"mifa_habitossaludables_-2","status":"inherit","uploaded_to":8778,"date":"2023-06-13 10:54:41","modified":"2023-06-13 10:54:41","menu_order":0,"mime_type":"image\/png","type":"image","subtype":"png","icon":"https:\/\/mitrestorres.com\/wp-includes\/images\/media\/default.png","width":2092,"height":1452,"sizes":{"thumbnail":"https:\/\/mitrestorres.com\/wp-content\/uploads\/sites\/2\/2023\/06\/mifa_habitossaludables_-150x150.png","thumbnail-width":150,"thumbnail-height":150,"medium":"https:\/\/mitrestorres.com\/wp-content\/uploads\/sites\/2\/2023\/06\/mifa_habitossaludables_-300x208.png","medium-width":300,"medium-height":208,"medium_large":"https:\/\/mitrestorres.com\/wp-content\/uploads\/sites\/2\/2023\/06\/mifa_habitossaludables_-768x533.png","medium_large-width":640,"medium_large-height":444,"large":"https:\/\/mitrestorres.com\/wp-content\/uploads\/sites\/2\/2023\/06\/mifa_habitossaludables_-1024x711.png","large-width":640,"large-height":444,"1536x1536":"https:\/\/mitrestorres.com\/wp-content\/uploads\/sites\/2\/2023\/06\/mifa_habitossaludables_-1536x1066.png","1536x1536-width":1536,"1536x1536-height":1066,"2048x2048":"https:\/\/mitrestorres.com\/wp-content\/uploads\/sites\/2\/2023\/06\/mifa_habitossaludables_-2048x1421.png","2048x2048-width":2048,"2048x2048-height":1421}}},"uagb_featured_image_src":{"full":false,"thumbnail":false,"medium":false,"medium_large":false,"large":false,"1536x1536":false,"2048x2048":false},"uagb_author_info":{"display_name":"@clinicasmi","author_link":"https:\/\/mitrestorres.com\/ca\/author\/clinicasmi\/"},"uagb_comment_info":0,"uagb_excerpt":"Els h\u00e0bits saludables s\u00f3n la f\u00f3rmula de m\u00e9s \u00e8xit per no emmalaltir. Per aix\u00f2, juntament amb Cl\u00ednicas Mi, promovem accions que fomentin un estil de vida saludable i una salut inclusiva.","_links":{"self":[{"href":"https:\/\/mitrestorres.com\/ca\/wp-json\/wp\/v2\/pages\/8778","targetHints":{"allow":["GET"]}}],"collection":[{"href":"https:\/\/mitrestorres.com\/ca\/wp-json\/wp\/v2\/pages"}],"about":[{"href":"https:\/\/mitrestorres.com\/ca\/wp-json\/wp\/v2\/types\/page"}],"author":[{"embeddable":true,"href":"https:\/\/mitrestorres.com\/ca\/wp-json\/wp\/v2\/users\/1"}],"replies":[{"embeddable":true,"href":"https:\/\/mitrestorres.com\/ca\/wp-json\/wp\/v2\/comments?post=8778"}],"version-history":[{"count":3,"href":"https:\/\/mitrestorres.com\/ca\/wp-json\/wp\/v2\/pages\/8778\/revisions"}],"predecessor-version":[{"id":8869,"href":"https:\/\/mitrestorres.com\/ca\/wp-json\/wp\/v2\/pages\/8778\/revisions\/8869"}],"up":[{"embeddable":true,"href":"https:\/\/mitrestorres.com\/ca\/wp-json\/wp\/v2\/pages\/8099"}],"wp:attachment":[{"href":"https:\/\/mitrestorres.com\/ca\/wp-json\/wp\/v2\/media?parent=8778"}],"curies":[{"name":"wp","href":"https:\/\/api.w.org\/{rel}","templated":true}]}}