{"id":8776,"date":"2023-06-13T12:48:36","date_gmt":"2023-06-13T10:48:36","guid":{"rendered":"https:\/\/mitrestorres.com\/mi-fundacion-alex\/clinica-solidaria\/"},"modified":"2023-06-15T11:59:40","modified_gmt":"2023-06-15T09:59:40","slug":"clinica-solidaria","status":"publish","type":"page","link":"https:\/\/mitrestorres.com\/ca\/mi-fundacio-alex\/clinica-solidaria\/","title":{"rendered":"Cl\u00ednica solid\u00e0ria"},"content":{"rendered":"","protected":false},"excerpt":{"rendered":"<p>El diagn\u00f2stic preco\u00e7 i el seguiment m\u00e8dic s\u00f3n clau perqu\u00e8 qualsevol malaltia es pugui abordar r\u00e0pidament i de manera efica\u00e7. Per aix\u00f2, a Mi Fundaci\u00f3 Alex realitzem accions per revisar la salut d\u2019aquelles persones per a les quals treballem.<\/p>\n","protected":false},"author":1,"featured_media":0,"parent":8099,"menu_order":0,"comment_status":"closed","ping_status":"closed","template":"templates\/proyectes.php","meta":{"_acf_changed":false,"_uag_custom_page_level_css":"","footnotes":""},"class_list":["post-8776","page","type-page","status-publish","hentry"],"acf":{"content":"<p>Col\u00b7laborem amb Cl\u00edniques Mi per garantir una millor atenci\u00f3 m\u00e8dica a col\u00b7lectius vulnerables. A trav\u00e9s de la nostra Cl\u00ednica Solid\u00e0ria, realitzem revisi\u00f3 i accions preventives de detecci\u00f3 de malalties i\/o trastorns.<\/p>\n","coneix":{"title":"Conoce los proyectos de Cl\u00ednica Solidaria en Cl\u00ednica Mi Tres Torres"},"image":{"ID":8159,"id":8159,"title":"mifa_clinicasolidaria","filename":"mifa_clinicasolidaria.png","filesize":1420556,"url":"https:\/\/mitrestorres.com\/wp-content\/uploads\/sites\/2\/2023\/06\/mifa_clinicasolidaria.png","link":"https:\/\/mitrestorres.com\/ca\/mi-fundacio-alex\/clinica-solidaria\/mifa_clinicasolidaria-2\/","alt":"","author":"1","description":"","caption":"","name":"mifa_clinicasolidaria-2","status":"inherit","uploaded_to":8776,"date":"2023-06-13 10:55:34","modified":"2023-06-13 10:55:34","menu_order":0,"mime_type":"image\/png","type":"image","subtype":"png","icon":"https:\/\/mitrestorres.com\/wp-includes\/images\/media\/default.png","width":1366,"height":900,"sizes":{"thumbnail":"https:\/\/mitrestorres.com\/wp-content\/uploads\/sites\/2\/2023\/06\/mifa_clinicasolidaria-150x150.png","thumbnail-width":150,"thumbnail-height":150,"medium":"https:\/\/mitrestorres.com\/wp-content\/uploads\/sites\/2\/2023\/06\/mifa_clinicasolidaria-300x198.png","medium-width":300,"medium-height":198,"medium_large":"https:\/\/mitrestorres.com\/wp-content\/uploads\/sites\/2\/2023\/06\/mifa_clinicasolidaria-768x506.png","medium_large-width":640,"medium_large-height":422,"large":"https:\/\/mitrestorres.com\/wp-content\/uploads\/sites\/2\/2023\/06\/mifa_clinicasolidaria-1024x675.png","large-width":640,"large-height":422,"1536x1536":"https:\/\/mitrestorres.com\/wp-content\/uploads\/sites\/2\/2023\/06\/mifa_clinicasolidaria.png","1536x1536-width":1366,"1536x1536-height":900,"2048x2048":"https:\/\/mitrestorres.com\/wp-content\/uploads\/sites\/2\/2023\/06\/mifa_clinicasolidaria.png","2048x2048-width":1366,"2048x2048-height":900}}},"uagb_featured_image_src":{"full":false,"thumbnail":false,"medium":false,"medium_large":false,"large":false,"1536x1536":false,"2048x2048":false},"uagb_author_info":{"display_name":"@clinicasmi","author_link":"https:\/\/mitrestorres.com\/ca\/author\/clinicasmi\/"},"uagb_comment_info":0,"uagb_excerpt":"El diagn\u00f2stic preco\u00e7 i el seguiment m\u00e8dic s\u00f3n clau perqu\u00e8 qualsevol malaltia es pugui abordar r\u00e0pidament i de manera efica\u00e7. Per aix\u00f2, a Mi Fundaci\u00f3 Alex realitzem accions per revisar la salut d\u2019aquelles persones per a les quals treballem.","_links":{"self":[{"href":"https:\/\/mitrestorres.com\/ca\/wp-json\/wp\/v2\/pages\/8776","targetHints":{"allow":["GET"]}}],"collection":[{"href":"https:\/\/mitrestorres.com\/ca\/wp-json\/wp\/v2\/pages"}],"about":[{"href":"https:\/\/mitrestorres.com\/ca\/wp-json\/wp\/v2\/types\/page"}],"author":[{"embeddable":true,"href":"https:\/\/mitrestorres.com\/ca\/wp-json\/wp\/v2\/users\/1"}],"replies":[{"embeddable":true,"href":"https:\/\/mitrestorres.com\/ca\/wp-json\/wp\/v2\/comments?post=8776"}],"version-history":[{"count":2,"href":"https:\/\/mitrestorres.com\/ca\/wp-json\/wp\/v2\/pages\/8776\/revisions"}],"predecessor-version":[{"id":8783,"href":"https:\/\/mitrestorres.com\/ca\/wp-json\/wp\/v2\/pages\/8776\/revisions\/8783"}],"up":[{"embeddable":true,"href":"https:\/\/mitrestorres.com\/ca\/wp-json\/wp\/v2\/pages\/8099"}],"wp:attachment":[{"href":"https:\/\/mitrestorres.com\/ca\/wp-json\/wp\/v2\/media?parent=8776"}],"curies":[{"name":"wp","href":"https:\/\/api.w.org\/{rel}","templated":true}]}}