{"id":62,"date":"2022-10-14T11:02:47","date_gmt":"2022-10-14T09:02:47","guid":{"rendered":"https:\/\/minovalianca.clinicas-mi.local\/?page_id=62"},"modified":"2025-02-13T11:05:13","modified_gmt":"2025-02-13T10:05:13","slug":"informacio-practica","status":"publish","type":"page","link":"https:\/\/mitrestorres.com\/ca\/informacio-practica\/","title":{"rendered":"Preguntes freq\u00fcents"},"content":{"rendered":"","protected":false},"excerpt":{"rendered":"","protected":false},"author":1,"featured_media":0,"parent":0,"menu_order":0,"comment_status":"closed","ping_status":"closed","template":"templates\/information.php","meta":{"_acf_changed":false,"_uag_custom_page_level_css":"","footnotes":""},"class_list":["post-62","page","type-page","status-publish","hentry"],"acf":{"informacion_por_categoria":[{"title":"Informaci\u00f3 general","informacion":[{"title":"Qu\u00e8 \u00e9s l'estudi preoperatori? Puc fer-lo en la mateixa cl\u00ednica?","content":"<p>L&#8217;estudi preoperatori \u00e9s una avaluaci\u00f3 m\u00e8dica exhaustiva que es fa abans d&#8217;una intervenci\u00f3 quir\u00fargica per reduir els riscos i garantir que el pacient est\u00e0 en un estat de salut adequat abans de sotmetre&#8217;s a la cirurgia o, per contra, la intervenci\u00f3 es contraindica.<\/p>\n<p>Si voleu fer-vos les proves preoperat\u00f2ries a la cl\u00ednica, podeu trucar al 93.204.13.00 o enviar un email a recepcion@mitrestorres.com. Per evitar imprevistos, haureu de confirmar amb la vostra companyia asseguradora que cobreixi totes les proves del preoperatori a la cl\u00ednica.<\/p>\n"},{"title":"Qu\u00e8 \u00e9s el Consentiment Informat de la Cirurgia?","content":"<p>El Consentiment Informat de la Cirurgia \u00e9s un document requerit per la Llei 21\/2000, del 29 de desembre, sobre els drets d&#8217;informaci\u00f3 en mat\u00e8ria de salut i autonomia del pacient i la documentaci\u00f3 cl\u00ednica. Aquest document \u00e9s essencial perqu\u00e8 autoritza per escrit la realitzaci\u00f3 d&#8217;intervencions quir\u00fargiques, anest\u00e8sia, transfusions de sang o hemo derivats, i qualsevol altre procediment invasiu.<\/p>\n<p>Aquest document ha de ser lliurat pel cirurgi\u00e0 en el moment de la programaci\u00f3 de la intervenci\u00f3. El metge ha d&#8217;explicar-ho i resoldre qualsevol dubte que pugui tenir. S&#8217;haur\u00e0 de signar per ambdues parts en el moment de la programaci\u00f3 de la intervenci\u00f3 i portar-lo f\u00edsicament el dia de la intervenci\u00f3. Aquest document es pot revocar en qualsevol moment.<\/p>\n"},{"title":"Qu\u00e8 \u00e9s el Consentiment Informat d'Anest\u00e8sia?","content":"<p>De la mateixa manera que cal signar un Consentiment Informat de la Cirurgia, tamb\u00e9 s&#8217;haur\u00e0 de signar un Consentiment Informat d&#8217;Anest\u00e8sia. En aquest document el pacient mostra la seva conformitat que es faci o no un acte anest\u00e8sic despr\u00e9s d&#8217;haver rebut i ent\u00e8s tota la informaci\u00f3 necess\u00e0ria per prendre una decisi\u00f3 lliure, volunt\u00e0ria i conscient.<\/p>\n<p>Un cop tingueu programada la vostra cirurgia, des d&#8217;administraci\u00f3 de la cl\u00ednica, us contactareu amb vosaltres, per agendar una visita amb el nostre servei d&#8217;Anest\u00e8sia.<\/p>\n<p>Se us far\u00e0 arribar tamb\u00e9 a t\u00edtol informatiu una c\u00f2pia d&#8217;aquest document perqu\u00e8 pugueu llegir-lo detalladament i fer arribar qualsevol dubte que tingueu a l&#8217;anestesista durant la visita.<\/p>\n"},{"title":"He d'informar el meu metge sobre la medicaci\u00f3 actual?","content":"<p>Durant el proc\u00e9s d&#8217;ingr\u00e9s, \u00e9s crucial informar el vostre metge sobre tota la medicaci\u00f3 que esteu prenent, inclosa la medicaci\u00f3 que us hagin receptat al preoperatori. Assegureu-vos d&#8217;incloure possibles al\u00b7l\u00e8rgies, el nom del medicament, la dosi, la freq\u00fc\u00e8ncia i la via d&#8217;administraci\u00f3.<\/p>\n<p>\u00c9s possible que el metge decideixi suspendre o ajustar alguns dels medicaments. Per aix\u00f2, \u00e9s important seguir les seves indicacions, ja que algunes medicacions poden interferir en la coagulaci\u00f3 o els nivells de sucre en sang.<\/p>\n<p>Un cop arribi a la cl\u00ednica, no prengui cap medicament que no sigui supervisat o administrat pel professional sanitari. Totes les ordres referents a tractaments farmacol\u00f2gics s\u00f3n gestionades pel Servei de Farm\u00e0cia.<\/p>\n"},{"title":"Quina documentaci\u00f3 he de portar el dia de l\u2019ingr\u00e9s?","content":"<p>&nbsp;<\/p>\n<p>El dia de l&#8217;ingr\u00e9s ha de portar els documents seg\u00fcents:<\/p>\n<ul>\n<li>DNI<\/li>\n<li>Targeta de la vostra companyia asseguradora<\/li>\n<li>Autoritzacions de la m\u00fatua (m\u00e8dica, anest\u00e8sia, cirurgia, hospitalitzaci\u00f3, material especial si escau) que es far\u00e0 c\u00e0rrec de la intervenci\u00f3, o pressupost del metge en cas de ser una intervenci\u00f3 privada<\/li>\n<li>Proves diagn\u00f2stiques i exploracions complement\u00e0ries sol\u00b7licitades pel seu metge<\/li>\n<li>Consentiment informat de la cirurgia signat per ambdues parts.<\/li>\n<\/ul>\n<p>Autoritzaci\u00f3 de material especial<\/p>\n<ul>\n<li>CONSENTIMENT INFORMAT signat.<\/li>\n<\/ul>\n"},{"title":"Com he de preparar-me abans de venir a l\u2019hospital?","content":"<p>Per garantir una preparaci\u00f3 adequada abans de la seva intervenci\u00f3, tingueu en compte els consells seg\u00fcents:<\/p>\n<ul>\n<li>Alimentaci\u00f3 equilibrada: mantingueu una alimentaci\u00f3 equilibrada durant el per\u00edode preoperatori per reduir les complicacions i millorar la seva condici\u00f3 de salut.<\/li>\n<li>Dej\u00fa: seguiu les instruccions del vostre metge i mantingueu-vos en dej\u00fa de s\u00f2lids i l\u00edquids durant almenys 6 hores abans de l&#8217;hora programada per a la cirurgia.<\/li>\n<li>Evita consumir alcohol i tabac: no begui alcohol ni fumi durant les 24 hores pr\u00e8vies a la intervenci\u00f3, ja que aix\u00f2 pot afectar-ne la recuperaci\u00f3.<\/li>\n<li>Preparaci\u00f3 preoperat\u00f2ria: abans de la intervenci\u00f3, no es faci cap mena de depilaci\u00f3 ni utilitzi crema corporal despr\u00e9s de dutxar-te. Al quir\u00f2fan s&#8217;ha d&#8217;entrar sense maquillatge i sense esmalt a les ungles.<\/li>\n<li>Dutxa amb sab\u00f3 de clorhexidina: \u00e9s obligatori dutxar-se al seu domicili el dia de la intervenci\u00f3 amb sab\u00f3 de clorhexidina, que podr\u00e0 adquirir a la seva farm\u00e0cia. Aix\u00f2 ajudar\u00e0 a reduir les infeccions i millorar-ne la seguretat.<\/li>\n<li>Prepareu una bossa de m\u00e0 amb la roba i els accessoris d&#8217;higiene personal que necessiteu durant la vostra estada a l&#8217;hospital. \u00c9s aconsellable evitar portar joies i altres objectes de valor.<\/li>\n<\/ul>\n"},{"title":"\u00bfQu\u00e8 he de fer en arribar a l\u2019hospital?","content":"<p>En arribar a l&#8217;hospital, el nostre personal de recepci\u00f3 us recollir\u00e0 les dades personals perqu\u00e8 el personal d&#8217;admissions us gestioni el vostre ingr\u00e9s a l&#8217;hospital.<\/p>\n<p>A cada planta trobareu un equip d&#8217;infermeria que s&#8217;encarregar\u00e0 d&#8217;administrar-vos les pautes de l&#8217;equip m\u00e8dic i estar\u00e0 a la vostra disposici\u00f3 per a qualsevol necessitat.<\/p>\n"},{"title":"Puc venir amb acompanyants?","content":"<p>S\u00ed, podreu venir a la cirurgia amb acompanyant, que ha de seguir les mesures d&#8217;higiene establertes. Es recomana l&#8217;\u00fas de m\u00e0scara a les zones indicades (hospital de dia, consultes oncol\u00f2giques).<\/p>\n<p>Si teniu un acompanyant, el doctor us trucar\u00e0 quan la intervenci\u00f3 hagi finalitzat i us mantindr\u00e0 informat sobre el seu estat.<\/p>\n<p>A la nostra cl\u00ednica, totes les habitacions s\u00f3n individuals i disposen de bany privat, assegurant aix\u00ed la seva privadesa i confort. Cada habitaci\u00f3 disposa d&#8217;un sof\u00e0-llit perqu\u00e8 la persona acompanyant pugui estar amb vost\u00e8 durant la seva estada a la cl\u00ednica. Durant la intervenci\u00f3, \u00e9s recomanable que l&#8217;acompanyant romangui a l&#8217;habitaci\u00f3 assignada per rebre informaci\u00f3 actualitzada sobre el vostre estat.<\/p>\n"},{"title":"Qu\u00e8 he de fer despr\u00e9s de la intervenci\u00f3?","content":"<p>Despr\u00e9s de la intervenci\u00f3, i de la vostra estada a la Unitat de Recuperaci\u00f3, el personal sanitari us traslladar\u00e0 a la vostra habitaci\u00f3 per continuar amb la recuperaci\u00f3. Si la cirurgia \u00e9s ambulat\u00f2ria, es podr\u00e0 donar d&#8217;alta des de quir\u00f2fan per tornar a casa.<\/p>\n<p>En cas de requerir un ingr\u00e9s a la Unitat de Monitoritzaci\u00f3 per complexitat o estat cl\u00ednic, s&#8217;alliberar\u00e0 l&#8217;habitaci\u00f3 assignada a la Unitat d&#8217;Hospitalitzaci\u00f3. Si aquest canvi \u00e9s necessari, vost\u00e8 i els seus familiars o acompanyants seran degudament informats. Si experimenteu dolor o malestar durant el postoperatori, no dubteu a consultar amb el personal d&#8217;infermeria.<\/p>\n"},{"title":"Quan rebr\u00e9 l\u2019alta?","content":"<p>Tant el personal m\u00e8dic com l&#8217;equip d&#8217;infermeria us oferiran informaci\u00f3 detallada sobre la medicaci\u00f3 i els passos a seguir durant la recuperaci\u00f3.<\/p>\n<p>Un cop rebeu l&#8217;alta, haureu de deixar lliure l&#8217;habitaci\u00f3 abans de les 12:00 hores del migdia. Aix\u00f2 permet preparar l&#8217;espai per a nous pacients. En cas contrari, si l&#8217;habitaci\u00f3 no es deixa lliure a temps, la cl\u00ednica es reserva el dret de cobrar l&#8217;estada addicional.<\/p>\n<p>Si voleu abandonar la cl\u00ednica sense esperar a l&#8217;alta m\u00e8dica, heu de sol\u00b7licitar i signar el document d&#8217;alta volunt\u00e0ria. Per finalitzar els tr\u00e0mits, us heu d&#8217;adre\u00e7ar a Admissions i lliurar l&#8217;Informe d&#8217;Alta.<\/p>\n"},{"title":"Qu\u00e8 puc fer si hi ha alguna complicaci\u00f3 una vegada hagi rebut l'alta?","content":"<p>Si experimenteu alguna complicaci\u00f3 despr\u00e9s de l&#8217;alta, no dubteu a utilitzar el nostre servei d&#8217;urg\u00e8ncies disponible les 24 hores del dia. All\u00e0, un metge us atendr\u00e0 de forma immediata i, si ho creu oport\u00fa, es posar\u00e0 en contacte amb el vostre metge de refer\u00e8ncia.<\/p>\n<p>Consulteu amb la vostra companyia per comprovar si la cl\u00ednica \u00e9s centre de refer\u00e8ncia d&#8217;urg\u00e8ncies.<\/p>\n"},{"title":"Quins altres serveis disposa la cl\u00ednica?","content":"<p>La cl\u00ednica disposa d&#8217;una cafeteria, TV a les habitacions i connexi\u00f3 Wi-Fi per mantenir-vos connectat durant la vostra estada.<\/p>\n<p>Si teniu qualsevol dubte o consulta, el Departament d&#8217;Atenci\u00f3 al Pacient est\u00e0 a la vostra disposici\u00f3 per ajudar-vos en tot all\u00f2 que necessiteu.<\/p>\n<p>Per a la vostra informaci\u00f3, la cl\u00ednica disposa d&#8217;un nombre determinat d&#8217;habitacions suite amb serveis Premium. Si esteu interessats en contractar aquests serveis, podeu contactar amb el Departament d&#8217;Admissions (admctt@clinicatrestorres.com).<\/p>\n"},{"title":"On puc aparcar?","content":"<p>La cl\u00ednica no disposa d&#8217;aparcament propi. Tot i aix\u00f2, tenim un acord amb l&#8217;aparcament situat al Carrer Milanesat 41 per a estades a partir de 10 hores.<\/p>\n<p>Als voltants de la cl\u00ednica, hi ha aparcament de zona verda i blava.<\/p>\n"},{"title":"Quin \u00e9s l\u2019horari del laboratori d\u2019anal\u00edtiques i com puc contactar-hi?","content":"<p>L\u2019horari del nostre laboratori \u00e9s de dilluns a divendres de 8:00 a 20:00 hores, i els dissabtes de 9:00 a 10:30 hores. Per qualsevol consulta o informaci\u00f3, el tel\u00e8fon de contacte \u00e9s el 932 606 206.<\/p>\n"},{"title":"Com obtinc els resultats de l'anal\u00edtica?","content":"<p>Els resultats de l\u2019anal\u00edtica es poden obtenir de dues maneres:<\/p>\n<p>Per Internet: Pots descarregar-te els resultats a trav\u00e9s de la web del laboratori. Nom\u00e9s ha de seguir les instruccions i utilitzar les credencials proporcionades per obtenir els resultats en format digital.<\/p>\n<p>Presencialment a la cl\u00ednica: Pots recollir els resultats personalment a la cl\u00ednica, durant l\u2019horari indicat. Per aix\u00f2, \u00e9s necessari que la persona que ha realitzat la prova s\u2019identifiqui amb el DNI. Si una altra persona ha de recollir-los en el teu nom, cal una autoritzaci\u00f3 signada.<\/p>\n<p>Per motius de privacitat i seguretat, els resultats no seran proporcionats per tel\u00e8fon en cap circumst\u00e0ncia.<\/p>\n"}]}],"pedir_cita":{"title":"Demanar cita","content":"<p>Programeu directament una visita en un dels nostres centres. Podeu escollir pel tipus d\u2019especialitat o pel nom del metge o metgessa.<\/p>\n","link":{"title":"Demanar cita","url":"https:\/\/mitrestorres.com\/ca\/demanar-cita\/","target":""}}},"uagb_featured_image_src":{"full":false,"thumbnail":false,"medium":false,"medium_large":false,"large":false,"1536x1536":false,"2048x2048":false},"uagb_author_info":{"display_name":"@clinicasmi","author_link":"https:\/\/mitrestorres.com\/ca\/author\/clinicasmi\/"},"uagb_comment_info":0,"uagb_excerpt":null,"_links":{"self":[{"href":"https:\/\/mitrestorres.com\/ca\/wp-json\/wp\/v2\/pages\/62","targetHints":{"allow":["GET"]}}],"collection":[{"href":"https:\/\/mitrestorres.com\/ca\/wp-json\/wp\/v2\/pages"}],"about":[{"href":"https:\/\/mitrestorres.com\/ca\/wp-json\/wp\/v2\/types\/page"}],"author":[{"embeddable":true,"href":"https:\/\/mitrestorres.com\/ca\/wp-json\/wp\/v2\/users\/1"}],"replies":[{"embeddable":true,"href":"https:\/\/mitrestorres.com\/ca\/wp-json\/wp\/v2\/comments?post=62"}],"version-history":[{"count":12,"href":"https:\/\/mitrestorres.com\/ca\/wp-json\/wp\/v2\/pages\/62\/revisions"}],"predecessor-version":[{"id":12186,"href":"https:\/\/mitrestorres.com\/ca\/wp-json\/wp\/v2\/pages\/62\/revisions\/12186"}],"wp:attachment":[{"href":"https:\/\/mitrestorres.com\/ca\/wp-json\/wp\/v2\/media?parent=62"}],"curies":[{"name":"wp","href":"https:\/\/api.w.org\/{rel}","templated":true}]}}