{"id":60,"date":"2022-10-14T11:02:25","date_gmt":"2022-10-14T09:02:25","guid":{"rendered":"https:\/\/minovalianca.clinicas-mi.local\/?page_id=60"},"modified":"2025-02-13T11:23:08","modified_gmt":"2025-02-13T10:23:08","slug":"contacte","status":"publish","type":"page","link":"https:\/\/mitrestorres.com\/ca\/contacte\/","title":{"rendered":"Contacte"},"content":{"rendered":"\n<p>Si necessiteu m\u00e9s informaci\u00f3 o teniu algun dubte, podeu enviar-nos un missatge a trav\u00e9s del seg\u00fcent formulari. En ell, indiqueu-nos, si us plau, les vostres dades de contacte com el nom, el correu electr\u00f2nic i el motiu de la consulta.<\/p>\n","protected":false},"excerpt":{"rendered":"<p>Si necessiteu m\u00e9s informaci\u00f3 o teniu algun dubte, podeu enviar-nos un missatge a trav\u00e9s del seg\u00fcent formulari. En ell, indiqueu-nos, si us plau, les vostres dades de contacte com el nom, el correu electr\u00f2nic i el motiu de la consulta.<\/p>\n","protected":false},"author":1,"featured_media":0,"parent":0,"menu_order":0,"comment_status":"closed","ping_status":"closed","template":"templates\/contacte.php","meta":{"_acf_changed":false,"_uag_custom_page_level_css":"","footnotes":""},"class_list":["post-60","page","type-page","status-publish","hentry"],"acf":{"form":"\n<div class=\"wpcf7 no-js\" id=\"wpcf7-f467-o1\" lang=\"es-ES\" dir=\"ltr\" data-wpcf7-id=\"467\">\n<div class=\"screen-reader-response\"><p role=\"status\" aria-live=\"polite\" aria-atomic=\"true\"><\/p> <ul><\/ul><\/div>\n<form action=\"\/ca\/wp-json\/wp\/v2\/pages\/60#wpcf7-f467-o1\" method=\"post\" class=\"wpcf7-form init\" aria-label=\"Formulario de contacto\" novalidate=\"novalidate\" data-status=\"init\">\n<fieldset class=\"hidden-fields-container\"><input type=\"hidden\" name=\"_wpcf7\" value=\"467\" \/><input type=\"hidden\" name=\"_wpcf7_version\" value=\"6.1.5\" \/><input type=\"hidden\" name=\"_wpcf7_locale\" value=\"es_ES\" \/><input type=\"hidden\" name=\"_wpcf7_unit_tag\" value=\"wpcf7-f467-o1\" \/><input type=\"hidden\" name=\"_wpcf7_container_post\" value=\"0\" \/><input type=\"hidden\" name=\"_wpcf7_posted_data_hash\" value=\"\" \/>\n<\/fieldset>\n<p><label class=\"mb-6\"> Nom i cognoms*<br \/>\n<span class=\"wpcf7-form-control-wrap\" data-name=\"your-name\"><input size=\"40\" maxlength=\"400\" class=\"wpcf7-form-control wpcf7-text wpcf7-validates-as-required\" aria-required=\"true\" aria-invalid=\"false\" placeholder=\"Escriu aqu\u00ed el teu nom i cognoms\" value=\"\" type=\"text\" name=\"your-name\" \/><\/span> <\/label>\n<\/p>\n<p><label class=\"mb-6\"> Correu electr\u00f2nic*<br \/>\n<span class=\"wpcf7-form-control-wrap\" data-name=\"your-email\"><input size=\"40\" maxlength=\"400\" class=\"wpcf7-form-control wpcf7-email wpcf7-validates-as-required wpcf7-text wpcf7-validates-as-email\" aria-required=\"true\" aria-invalid=\"false\" placeholder=\"Escriu aqu\u00ed el teu correu electr\u00f2nic\" value=\"\" type=\"email\" name=\"your-email\" \/><\/span> <\/label><br \/>\n<label class=\"mb-6\"> Assumpte<br \/>\n<span class=\"wpcf7-form-control-wrap\" data-name=\"your-message\"><textarea cols=\"40\" rows=\"10\" maxlength=\"2000\" class=\"wpcf7-form-control wpcf7-textarea\" aria-invalid=\"false\" placeholder=\"Escriu aqu\u00ed l\u2019assumpte del teu missatge\" name=\"your-message\"><\/textarea><\/span> <\/label>\n<\/p>\n<div class=\"flex justify-between content-p-flex\">\n\t<p><span class=\"wpcf7-form-control-wrap\" data-name=\"your-consent\"><span class=\"wpcf7-form-control wpcf7-acceptance\"><span class=\"wpcf7-list-item\"><label><input type=\"checkbox\" name=\"your-consent\" value=\"1\" aria-invalid=\"false\" \/><span class=\"wpcf7-list-item-label\">Consenteixo el tractament de les meves dades d'acord amb la <a href=\"\">Pol\u00edtica de Privadesa<\/a> que he llegit i acceptat.<\/span><\/label><\/span><\/span><\/span><input class=\"wpcf7-form-control wpcf7-submit has-spinner\" type=\"submit\" value=\"Enviar\" \/>\n\t<\/p>\n<\/div><div class=\"wpcf7-response-output\" aria-hidden=\"true\"><\/div>\n<\/form>\n<\/div>\n\n","address":"<p><span style=\"color: #fcb900\"><span style=\"color: #fcb900\">CL\u00cdNICA<\/strong><\/span><\/p>\n<p>C\/ Dr. Roux, 76 08017 Barcelona<br \/>\n<small><a href=\"https:\/\/maps.app.goo.gl\/tvtCd6HPixBG5io49\" rel=\"noopener\" target=\"_blank\">Ver en Google Maps<\/a><\/small><\/p>\n<p><span style=\"color: #fcb900\"><strong>CONSULTES EXTERNES<\/strong><\/span><\/p>\n<p>C\/ Dr. Roux, 76 08017 Barcelona \u00b7 t. 93 204 13 00<br \/>\n<small><a href=\"https:\/\/maps.app.goo.gl\/tvtCd6HPixBG5io49\" rel=\"noopener\" target=\"_blank\">Ver en Google Maps<\/a><\/small><\/p>\n<p>c\/ Doctor Carulla, 12 08017 Barcelona \u00b7 t. 93 260 32 11<br \/>\n<small><a href=\"https:\/\/maps.app.goo.gl\/XmTYFVdqFDY1dYUi6\" rel=\"noopener\" target=\"_blank\">Ver en Google Maps<\/a><\/small><\/p>\n<p>Via Augusta, 281 08017 Barcelona \u00b7 t. 93 204 13 00<br \/>\n<small><a href=\"https:\/\/maps.app.goo.gl\/7bFTmRFCFWNdgX9X9\" rel=\"noopener\" target=\"_blank\">Ver en Google Maps<\/a><\/small><\/p>\n<p><span style=\"color: #fcb900\"><strong>URG\u00c8NCIES<\/strong><\/span><\/p>\n<p>C\/ Dr. Roux, 76 08017 Barcelona \u00b7 tel. 93 260 62 02<br \/>\n<small><a href=\"https:\/\/maps.app.goo.gl\/tvtCd6HPixBG5io49\" rel=\"noopener\" target=\"_blank\">Ver en Google Maps<\/a><\/small><\/p>\n"},"uagb_featured_image_src":{"full":false,"thumbnail":false,"medium":false,"medium_large":false,"large":false,"1536x1536":false,"2048x2048":false},"uagb_author_info":{"display_name":"@clinicasmi","author_link":"https:\/\/mitrestorres.com\/ca\/author\/clinicasmi\/"},"uagb_comment_info":0,"uagb_excerpt":"Si necessiteu m\u00e9s informaci\u00f3 o teniu algun dubte, podeu enviar-nos un missatge a trav\u00e9s del seg\u00fcent formulari. En ell, indiqueu-nos, si us plau, les vostres dades de contacte com el nom, el correu electr\u00f2nic i el motiu de la consulta.","_links":{"self":[{"href":"https:\/\/mitrestorres.com\/ca\/wp-json\/wp\/v2\/pages\/60","targetHints":{"allow":["GET"]}}],"collection":[{"href":"https:\/\/mitrestorres.com\/ca\/wp-json\/wp\/v2\/pages"}],"about":[{"href":"https:\/\/mitrestorres.com\/ca\/wp-json\/wp\/v2\/types\/page"}],"author":[{"embeddable":true,"href":"https:\/\/mitrestorres.com\/ca\/wp-json\/wp\/v2\/users\/1"}],"replies":[{"embeddable":true,"href":"https:\/\/mitrestorres.com\/ca\/wp-json\/wp\/v2\/comments?post=60"}],"version-history":[{"count":7,"href":"https:\/\/mitrestorres.com\/ca\/wp-json\/wp\/v2\/pages\/60\/revisions"}],"predecessor-version":[{"id":12190,"href":"https:\/\/mitrestorres.com\/ca\/wp-json\/wp\/v2\/pages\/60\/revisions\/12190"}],"wp:attachment":[{"href":"https:\/\/mitrestorres.com\/ca\/wp-json\/wp\/v2\/media?parent=60"}],"curies":[{"name":"wp","href":"https:\/\/api.w.org\/{rel}","templated":true}]}}