{"id":3113,"date":"2022-10-14T11:00:10","date_gmt":"2022-10-14T09:00:10","guid":{"rendered":"https:\/\/minovalianca.clinicas-mi.local\/?page_id=51"},"modified":"2026-04-17T07:40:54","modified_gmt":"2026-04-17T05:40:54","slug":"especialitats","status":"publish","type":"page","link":"https:\/\/mitrestorres.com\/ca\/especialitats\/","title":{"rendered":"Serveis i especialitats"},"content":{"rendered":"\n<p>Amb m\u00e9s d\u2019una trentena d\u2019especialitats m\u00e8diques, oferim una atenci\u00f3 personalitzada i de confian\u00e7a, prioritzant el vostre benestar i el de la vostra fam\u00edlia en un entorn acollidor i altament equipat.<\/p>\n","protected":false},"excerpt":{"rendered":"<p>Amb m\u00e9s d\u2019una trentena d\u2019especialitats m\u00e8diques, oferim una atenci\u00f3 personalitzada i de confian\u00e7a, prioritzant el vostre benestar i el de la vostra fam\u00edlia en un entorn acollidor i altament equipat.<\/p>\n","protected":false},"author":1,"featured_media":0,"parent":0,"menu_order":0,"comment_status":"closed","ping_status":"closed","template":"templates\/specialties.php","meta":{"_acf_changed":false,"_uag_custom_page_level_css":"","footnotes":""},"class_list":["post-3113","page","type-page","status-publish","hentry"],"acf":{"header_block":{"title":"La vostra salut \u00e9s la nostra prioritat","content":"<p>El nostre equip d\u2019especialistes altament qualificat est\u00e0 preprat per abordar qualsevol problema de salut, des de la prevenci\u00f3 fins a la cura i la recuperaci\u00f3. Treballem per oferir un entorn sanitari responsable i amb la mirada centrada en el pacient. A continuaci\u00f3, podeu consultar les m\u00e9s de 30 especialitats m\u00e8diques que oferim a la Cl\u00ednica Mi Tres Torres.<\/p>\n","image":{"ID":10597,"id":10597,"title":"mitt_especialitats","filename":"mitt_especialitats.png","filesize":1197942,"url":"https:\/\/mitrestorres.com\/wp-content\/uploads\/sites\/2\/2023\/09\/mitt_especialitats.png","link":"https:\/\/mitrestorres.com\/ca\/especialitats\/mitt_especialitats-2\/","alt":"","author":"1","description":"","caption":"","name":"mitt_especialitats-2","status":"inherit","uploaded_to":3113,"date":"2023-09-21 09:07:56","modified":"2023-09-21 09:07:56","menu_order":0,"mime_type":"image\/png","type":"image","subtype":"png","icon":"https:\/\/mitrestorres.com\/wp-includes\/images\/media\/default.png","width":1350,"height":900,"sizes":{"thumbnail":"https:\/\/mitrestorres.com\/wp-content\/uploads\/sites\/2\/2023\/09\/mitt_especialitats-150x150.png","thumbnail-width":150,"thumbnail-height":150,"medium":"https:\/\/mitrestorres.com\/wp-content\/uploads\/sites\/2\/2023\/09\/mitt_especialitats-300x200.png","medium-width":300,"medium-height":200,"medium_large":"https:\/\/mitrestorres.com\/wp-content\/uploads\/sites\/2\/2023\/09\/mitt_especialitats-768x512.png","medium_large-width":640,"medium_large-height":427,"large":"https:\/\/mitrestorres.com\/wp-content\/uploads\/sites\/2\/2023\/09\/mitt_especialitats-1024x683.png","large-width":640,"large-height":427,"1536x1536":"https:\/\/mitrestorres.com\/wp-content\/uploads\/sites\/2\/2023\/09\/mitt_especialitats.png","1536x1536-width":1350,"1536x1536-height":900,"2048x2048":"https:\/\/mitrestorres.com\/wp-content\/uploads\/sites\/2\/2023\/09\/mitt_especialitats.png","2048x2048-width":1350,"2048x2048-height":900}}},"unitats_mediques":{"image":false,"link":{"title":"","url":"https:\/\/minovalianca.clinicas-mi.local\/unitats-mediques\/","target":""}}},"uagb_featured_image_src":{"full":false,"thumbnail":false,"medium":false,"medium_large":false,"large":false,"1536x1536":false,"2048x2048":false},"uagb_author_info":{"display_name":"@clinicasmi","author_link":"https:\/\/mitrestorres.com\/ca\/author\/clinicasmi\/"},"uagb_comment_info":0,"uagb_excerpt":"Amb m\u00e9s d\u2019una trentena d\u2019especialitats m\u00e8diques, oferim una atenci\u00f3 personalitzada i de confian\u00e7a, prioritzant el vostre benestar i el de la vostra fam\u00edlia en un entorn acollidor i altament equipat.","_links":{"self":[{"href":"https:\/\/mitrestorres.com\/ca\/wp-json\/wp\/v2\/pages\/3113","targetHints":{"allow":["GET"]}}],"collection":[{"href":"https:\/\/mitrestorres.com\/ca\/wp-json\/wp\/v2\/pages"}],"about":[{"href":"https:\/\/mitrestorres.com\/ca\/wp-json\/wp\/v2\/types\/page"}],"author":[{"embeddable":true,"href":"https:\/\/mitrestorres.com\/ca\/wp-json\/wp\/v2\/users\/1"}],"replies":[{"embeddable":true,"href":"https:\/\/mitrestorres.com\/ca\/wp-json\/wp\/v2\/comments?post=3113"}],"version-history":[{"count":6,"href":"https:\/\/mitrestorres.com\/ca\/wp-json\/wp\/v2\/pages\/3113\/revisions"}],"predecessor-version":[{"id":14218,"href":"https:\/\/mitrestorres.com\/ca\/wp-json\/wp\/v2\/pages\/3113\/revisions\/14218"}],"wp:attachment":[{"href":"https:\/\/mitrestorres.com\/ca\/wp-json\/wp\/v2\/media?parent=3113"}],"curies":[{"name":"wp","href":"https:\/\/api.w.org\/{rel}","templated":true}]}}