{"id":3112,"date":"2022-10-14T10:59:25","date_gmt":"2022-10-14T08:59:25","guid":{"rendered":"https:\/\/minovalianca.clinicas-mi.local\/?page_id=49"},"modified":"2023-06-15T11:44:00","modified_gmt":"2023-06-15T09:44:00","slug":"medicos-mi","status":"publish","type":"page","link":"https:\/\/mitrestorres.com\/ca\/medicos-mi\/","title":{"rendered":"Metges Mi"},"content":{"rendered":"\n<p>A Cl\u00ednica Mi Tres Torres teniu al vostre abast m\u00e9s d\u2019un centenar d\u2019especialistes de l\u2019atenci\u00f3 sanit\u00e0ria que comparteixen la filosofia de curar i cuidar i proporcionen una atenci\u00f3 integral i coordinada. M\u00e9s avall, podeu cercar per doctor i especialitat.<\/p>\n","protected":false},"excerpt":{"rendered":"<p>A Cl\u00ednica Mi Tres Torres teniu al vostre abast m\u00e9s d\u2019un centenar d\u2019especialistes de l\u2019atenci\u00f3 sanit\u00e0ria que comparteixen la filosofia de curar i cuidar i proporcionen una atenci\u00f3 integral i coordinada. M\u00e9s avall, podeu cercar per doctor i especialitat.<\/p>\n","protected":false},"author":1,"featured_media":0,"parent":0,"menu_order":0,"comment_status":"closed","ping_status":"closed","template":"templates\/metges.php","meta":{"_acf_changed":false,"_uag_custom_page_level_css":"","footnotes":""},"class_list":["post-3112","page","type-page","status-publish","hentry"],"acf":false,"uagb_featured_image_src":{"full":false,"thumbnail":false,"medium":false,"medium_large":false,"large":false,"1536x1536":false,"2048x2048":false},"uagb_author_info":{"display_name":"@clinicasmi","author_link":"https:\/\/mitrestorres.com\/ca\/author\/clinicasmi\/"},"uagb_comment_info":0,"uagb_excerpt":"A Cl\u00ednica Mi Tres Torres teniu al vostre abast m\u00e9s d\u2019un centenar d\u2019especialistes de l\u2019atenci\u00f3 sanit\u00e0ria que comparteixen la filosofia de curar i cuidar i proporcionen una atenci\u00f3 integral i coordinada. M\u00e9s avall, podeu cercar per doctor i especialitat.","_links":{"self":[{"href":"https:\/\/mitrestorres.com\/ca\/wp-json\/wp\/v2\/pages\/3112","targetHints":{"allow":["GET"]}}],"collection":[{"href":"https:\/\/mitrestorres.com\/ca\/wp-json\/wp\/v2\/pages"}],"about":[{"href":"https:\/\/mitrestorres.com\/ca\/wp-json\/wp\/v2\/types\/page"}],"author":[{"embeddable":true,"href":"https:\/\/mitrestorres.com\/ca\/wp-json\/wp\/v2\/users\/1"}],"replies":[{"embeddable":true,"href":"https:\/\/mitrestorres.com\/ca\/wp-json\/wp\/v2\/comments?post=3112"}],"version-history":[{"count":3,"href":"https:\/\/mitrestorres.com\/ca\/wp-json\/wp\/v2\/pages\/3112\/revisions"}],"predecessor-version":[{"id":8761,"href":"https:\/\/mitrestorres.com\/ca\/wp-json\/wp\/v2\/pages\/3112\/revisions\/8761"}],"wp:attachment":[{"href":"https:\/\/mitrestorres.com\/ca\/wp-json\/wp\/v2\/media?parent=3112"}],"curies":[{"name":"wp","href":"https:\/\/api.w.org\/{rel}","templated":true}]}}