{"id":125,"date":"2022-10-17T16:10:39","date_gmt":"2022-10-17T14:10:39","guid":{"rendered":"https:\/\/minovalianca.clinicas-mi.local\/?page_id=125"},"modified":"2023-11-14T09:04:43","modified_gmt":"2023-11-14T08:04:43","slug":"collaboreu-amb-mi-fundacio-alex","status":"publish","type":"page","link":"https:\/\/mitrestorres.com\/ca\/mi-fundacio-alex\/collaboreu-amb-mi-fundacio-alex\/","title":{"rendered":"Col\u00b7laboreu amb Mi Fundaci\u00f3 Alex"},"content":{"rendered":"\n<div class=\"wp-block-group max-w-xl mx-auto\"><div class=\"wp-block-group__inner-container is-layout-constrained wp-block-group-is-layout-constrained\">\n<!-- Iframe para invocar el pago -->\n<iframe id=\"scIframe\" title=\"Formulario de pago\" scrolling=\"no\" src=\"https:\/\/app.stockcrowd.com\/payment-e30b7d24-635d-11ea-b551-ac1f6b804d94\" allow=\"payment *\" style=\"border:0px; width: 100%;\"><\/iframe>\n<!-- Insertar c\u00f3digo en el javascript -->\n<script id=\"integrationJs\" type=\"text\/javascript\" src=\"https:\/\/app.stockcrowd.com\/resources\/js\/templates\/payment\/dp\/integracion-embeded.js\"><\/script>\n<\/div><\/div>\n","protected":false},"excerpt":{"rendered":"<p>La vostra col\u00b7laboraci\u00f3 \u00e9s molt important. Ajudeu-nos a fer realitat projectes en favor de la inclusi\u00f3 i contribu\u00efm junts a fer d\u2019aquest m\u00f3n un lloc millor.<\/p>\n","protected":false},"author":1,"featured_media":0,"parent":8099,"menu_order":1,"comment_status":"closed","ping_status":"closed","template":"templates\/colabora.php","meta":{"_acf_changed":false,"_uag_custom_page_level_css":"","footnotes":""},"class_list":["post-125","page","type-page","status-publish","hentry"],"acf":{"anar_al_web":{"title":"Col\u00b7laboreu de manera puntual o peri\u00f2dica","content":"<p>Per fer una donaci\u00f3, podeu escollir col\u00b7laborar de manera puntual o peri\u00f2dica I seleccionar l\u2019import de la donaci\u00f3 que desitgeu. A m\u00e9s, totes les donacions tenen avantatges fiscals.<\/p>\n","link":{"title":"Anar al web mifundacionalex.org","url":"https:\/\/mifundacionalex.org\/","target":"_blank"},"image":{"ID":8330,"id":8330,"title":"mifa_colaboracio","filename":"mifa_colaboracio.png","filesize":4501823,"url":"https:\/\/mitrestorres.com\/wp-content\/uploads\/sites\/2\/2023\/06\/mifa_colaboracio.png","link":"https:\/\/mitrestorres.com\/ca\/mi-fundacio-alex\/collaboreu-amb-mi-fundacio-alex\/mifa_colaboracio-2\/","alt":"","author":"1","description":"","caption":"","name":"mifa_colaboracio-2","status":"inherit","uploaded_to":125,"date":"2023-06-14 08:55:56","modified":"2023-06-14 08:55:56","menu_order":0,"mime_type":"image\/png","type":"image","subtype":"png","icon":"https:\/\/mitrestorres.com\/wp-includes\/images\/media\/default.png","width":2104,"height":1462,"sizes":{"thumbnail":"https:\/\/mitrestorres.com\/wp-content\/uploads\/sites\/2\/2023\/06\/mifa_colaboracio-150x150.png","thumbnail-width":150,"thumbnail-height":150,"medium":"https:\/\/mitrestorres.com\/wp-content\/uploads\/sites\/2\/2023\/06\/mifa_colaboracio-300x208.png","medium-width":300,"medium-height":208,"medium_large":"https:\/\/mitrestorres.com\/wp-content\/uploads\/sites\/2\/2023\/06\/mifa_colaboracio-768x534.png","medium_large-width":640,"medium_large-height":445,"large":"https:\/\/mitrestorres.com\/wp-content\/uploads\/sites\/2\/2023\/06\/mifa_colaboracio-1024x712.png","large-width":640,"large-height":445,"1536x1536":"https:\/\/mitrestorres.com\/wp-content\/uploads\/sites\/2\/2023\/06\/mifa_colaboracio-1536x1067.png","1536x1536-width":1536,"1536x1536-height":1067,"2048x2048":"https:\/\/mitrestorres.com\/wp-content\/uploads\/sites\/2\/2023\/06\/mifa_colaboracio-2048x1423.png","2048x2048-width":2048,"2048x2048-height":1423}}}},"uagb_featured_image_src":{"full":false,"thumbnail":false,"medium":false,"medium_large":false,"large":false,"1536x1536":false,"2048x2048":false},"uagb_author_info":{"display_name":"@clinicasmi","author_link":"https:\/\/mitrestorres.com\/ca\/author\/clinicasmi\/"},"uagb_comment_info":0,"uagb_excerpt":"La vostra col\u00b7laboraci\u00f3 \u00e9s molt important. Ajudeu-nos a fer realitat projectes en favor de la inclusi\u00f3 i contribu\u00efm junts a fer d\u2019aquest m\u00f3n un lloc millor.","_links":{"self":[{"href":"https:\/\/mitrestorres.com\/ca\/wp-json\/wp\/v2\/pages\/125","targetHints":{"allow":["GET"]}}],"collection":[{"href":"https:\/\/mitrestorres.com\/ca\/wp-json\/wp\/v2\/pages"}],"about":[{"href":"https:\/\/mitrestorres.com\/ca\/wp-json\/wp\/v2\/types\/page"}],"author":[{"embeddable":true,"href":"https:\/\/mitrestorres.com\/ca\/wp-json\/wp\/v2\/users\/1"}],"replies":[{"embeddable":true,"href":"https:\/\/mitrestorres.com\/ca\/wp-json\/wp\/v2\/comments?post=125"}],"version-history":[{"count":8,"href":"https:\/\/mitrestorres.com\/ca\/wp-json\/wp\/v2\/pages\/125\/revisions"}],"predecessor-version":[{"id":10836,"href":"https:\/\/mitrestorres.com\/ca\/wp-json\/wp\/v2\/pages\/125\/revisions\/10836"}],"up":[{"embeddable":true,"href":"https:\/\/mitrestorres.com\/ca\/wp-json\/wp\/v2\/pages\/8099"}],"wp:attachment":[{"href":"https:\/\/mitrestorres.com\/ca\/wp-json\/wp\/v2\/media?parent=125"}],"curies":[{"name":"wp","href":"https:\/\/api.w.org\/{rel}","templated":true}]}}