{"id":12110,"date":"2025-02-10T16:32:34","date_gmt":"2025-02-10T15:32:34","guid":{"rendered":"https:\/\/mitrestorres.com\/la-clinica\/comisiones-y-comites\/"},"modified":"2025-02-11T12:22:57","modified_gmt":"2025-02-11T11:22:57","slug":"comissions-i-comites","status":"publish","type":"page","link":"https:\/\/mitrestorres.com\/ca\/la-clinica\/comissions-i-comites\/","title":{"rendered":"Comissions i comit\u00e8s"},"content":{"rendered":"\n<p>Disposem de comissions i comit\u00e8s que analitzen, avaluen i implementen iniciatives per millorar l\u2019atenci\u00f3 al pacient. D\u2019aquesta manera, podem assegurar un enfocament hol\u00edstic i centrat en les necessitats individuals i garantim que cada pacient rebi una atenci\u00f3 m\u00e8dica personalitzada i de qualitat.<\/p>\n\n\n\n<p><\/p>\n","protected":false},"excerpt":{"rendered":"<p>Disposem de comissions i comit\u00e8s que analitzen, avaluen i implementen iniciatives per millorar l\u2019atenci\u00f3 al pacient. D\u2019aquesta manera, podem assegurar un enfocament hol\u00edstic i centrat en les necessitats individuals i garantim que cada pacient rebi una atenci\u00f3 m\u00e8dica personalitzada i de qualitat.<\/p>\n","protected":false},"author":1,"featured_media":0,"parent":3111,"menu_order":0,"comment_status":"closed","ping_status":"closed","template":"templates\/commissions.php","meta":{"_acf_changed":false,"_uag_custom_page_level_css":"","footnotes":""},"class_list":["post-12110","page","type-page","status-publish","hentry"],"acf":false,"uagb_featured_image_src":{"full":false,"thumbnail":false,"medium":false,"medium_large":false,"large":false,"1536x1536":false,"2048x2048":false},"uagb_author_info":{"display_name":"@clinicasmi","author_link":"https:\/\/mitrestorres.com\/ca\/author\/clinicasmi\/"},"uagb_comment_info":0,"uagb_excerpt":"Disposem de comissions i comit\u00e8s que analitzen, avaluen i implementen iniciatives per millorar l\u2019atenci\u00f3 al pacient. D\u2019aquesta manera, podem assegurar un enfocament hol\u00edstic i centrat en les necessitats individuals i garantim que cada pacient rebi una atenci\u00f3 m\u00e8dica personalitzada i de qualitat.","_links":{"self":[{"href":"https:\/\/mitrestorres.com\/ca\/wp-json\/wp\/v2\/pages\/12110","targetHints":{"allow":["GET"]}}],"collection":[{"href":"https:\/\/mitrestorres.com\/ca\/wp-json\/wp\/v2\/pages"}],"about":[{"href":"https:\/\/mitrestorres.com\/ca\/wp-json\/wp\/v2\/types\/page"}],"author":[{"embeddable":true,"href":"https:\/\/mitrestorres.com\/ca\/wp-json\/wp\/v2\/users\/1"}],"replies":[{"embeddable":true,"href":"https:\/\/mitrestorres.com\/ca\/wp-json\/wp\/v2\/comments?post=12110"}],"version-history":[{"count":2,"href":"https:\/\/mitrestorres.com\/ca\/wp-json\/wp\/v2\/pages\/12110\/revisions"}],"predecessor-version":[{"id":12181,"href":"https:\/\/mitrestorres.com\/ca\/wp-json\/wp\/v2\/pages\/12110\/revisions\/12181"}],"up":[{"embeddable":true,"href":"https:\/\/mitrestorres.com\/ca\/wp-json\/wp\/v2\/pages\/3111"}],"wp:attachment":[{"href":"https:\/\/mitrestorres.com\/ca\/wp-json\/wp\/v2\/media?parent=12110"}],"curies":[{"name":"wp","href":"https:\/\/api.w.org\/{rel}","templated":true}]}}