{"id":11251,"date":"2024-03-26T11:24:44","date_gmt":"2024-03-26T10:24:44","guid":{"rendered":"https:\/\/mitrestorres.com\/la-clinica\/tecnologias\/"},"modified":"2024-05-27T09:54:41","modified_gmt":"2024-05-27T07:54:41","slug":"tecnologias","status":"publish","type":"page","link":"https:\/\/mitrestorres.com\/ca\/la-clinica\/tecnologias\/","title":{"rendered":"Tecnologies"},"content":{"rendered":"\n<p>A la Cl\u00ednica Mi Tres Torres, de Barcelona, disposem de la tecnologia m\u00e9s avan\u00e7ada per al diagn\u00f2stic per imatge i per a la realitzaci\u00f3 de tractaments i operacions quir\u00fargiques d&#8217;alta complexitat.<\/p>\n","protected":false},"excerpt":{"rendered":"<p>A la Cl\u00ednica Mi Tres Torres, de Barcelona, disposem de la tecnologia m\u00e9s avan\u00e7ada per al diagn\u00f2stic per imatge i per a la realitzaci\u00f3 de tractaments i operacions quir\u00fargiques d&#8217;alta complexitat.<\/p>\n","protected":false},"author":1,"featured_media":0,"parent":3111,"menu_order":0,"comment_status":"closed","ping_status":"closed","template":"templates\/technology.php","meta":{"_acf_changed":false,"_uag_custom_page_level_css":"","footnotes":""},"class_list":["post-11251","page","type-page","status-publish","hentry"],"acf":false,"uagb_featured_image_src":{"full":false,"thumbnail":false,"medium":false,"medium_large":false,"large":false,"1536x1536":false,"2048x2048":false},"uagb_author_info":{"display_name":"@clinicasmi","author_link":"https:\/\/mitrestorres.com\/ca\/author\/clinicasmi\/"},"uagb_comment_info":0,"uagb_excerpt":"A la Cl\u00ednica Mi Tres Torres, de Barcelona, disposem de la tecnologia m\u00e9s avan\u00e7ada per al diagn\u00f2stic per imatge i per a la realitzaci\u00f3 de tractaments i operacions quir\u00fargiques d&#8217;alta complexitat.","_links":{"self":[{"href":"https:\/\/mitrestorres.com\/ca\/wp-json\/wp\/v2\/pages\/11251","targetHints":{"allow":["GET"]}}],"collection":[{"href":"https:\/\/mitrestorres.com\/ca\/wp-json\/wp\/v2\/pages"}],"about":[{"href":"https:\/\/mitrestorres.com\/ca\/wp-json\/wp\/v2\/types\/page"}],"author":[{"embeddable":true,"href":"https:\/\/mitrestorres.com\/ca\/wp-json\/wp\/v2\/users\/1"}],"replies":[{"embeddable":true,"href":"https:\/\/mitrestorres.com\/ca\/wp-json\/wp\/v2\/comments?post=11251"}],"version-history":[{"count":2,"href":"https:\/\/mitrestorres.com\/ca\/wp-json\/wp\/v2\/pages\/11251\/revisions"}],"predecessor-version":[{"id":11297,"href":"https:\/\/mitrestorres.com\/ca\/wp-json\/wp\/v2\/pages\/11251\/revisions\/11297"}],"up":[{"embeddable":true,"href":"https:\/\/mitrestorres.com\/ca\/wp-json\/wp\/v2\/pages\/3111"}],"wp:attachment":[{"href":"https:\/\/mitrestorres.com\/ca\/wp-json\/wp\/v2\/media?parent=11251"}],"curies":[{"name":"wp","href":"https:\/\/api.w.org\/{rel}","templated":true}]}}