{"id":11023,"date":"2024-01-16T08:24:56","date_gmt":"2024-01-16T07:24:56","guid":{"rendered":"https:\/\/mitrestorres.com\/aviso-legal\/"},"modified":"2025-06-19T12:30:35","modified_gmt":"2025-06-19T10:30:35","slug":"avis-legal","status":"publish","type":"page","link":"https:\/\/mitrestorres.com\/ca\/avis-legal\/","title":{"rendered":"Aviso legal"},"content":{"rendered":"\n<figure class=\"wp-block-table\"><table class=\"has-fixed-layout\"><tbody><tr><td><strong>Raz\u00f3n Social o Nombre de la Empresa<\/strong><\/td><td>INSTITUCI\u00d3N TRES TORRES, S.A.<\/td><\/tr><tr><td><strong>NIF<\/strong><\/td><td>A08188658<\/td><\/tr><tr><td><strong>Direcci\u00f3n<\/strong><\/td><td>Calle Doctor Roux, 76<\/td><\/tr><tr><td><strong>Poblaci\u00f3n<\/strong><\/td><td>Barcelona<\/td><\/tr><tr><td><strong>C\u00f3digo postal<\/strong><\/td><td>08017<\/td><\/tr><tr><td><strong>Email<\/strong><\/td><td>info@mitrestorres.com<\/td><\/tr><tr><td><strong>Inscripci\u00f3n en el Registro Mercantil<\/strong><\/td><td>REGISTRO MERCANTIL DE BARCELONA AL TOMO\/I.R.U.S. 1000333075359, FOLIO 3, HOJA B 90029<\/td><\/tr><tr><td><strong>Autorizaci\u00f3n centro\/servicios sanitarios<\/strong><\/td><td>H08000071<\/td><\/tr><tr><td><strong>\u00d3rgano competente encargado de su supervisi\u00f3n<\/strong><\/td><td>Departament de Salut \/ Direcci\u00f3 General d\u2019Ordenaci\u00f3 i Regulaci\u00f3 Sanit\u00e0ria<\/td><\/tr><\/tbody><\/table><\/figure>\n\n\n\n<p><strong>Concepto de usuario.<\/strong><\/p>\n\n\n\n<p>La utilizaci\u00f3n de la Web (incluida su \u00e1rea privada) atribuye la condici\u00f3n de Usuario, e implica la aceptaci\u00f3n plena y sin reservas de todas y cada una de las disposiciones incluidas en este Aviso Legal y en las Pol\u00edticas de Privacidad en la versi\u00f3n publicada por INSTITUCI\u00d3N TRES TORRES, S.A.&nbsp; en el mismo momento en que el Usuario acceda a la web. En consecuencia, el Usuario debe leer atentamente el presente Aviso Legal y las Pol\u00edticas de Privacidad en cada una de las ocasiones en que se proponga utilizar la Web, puesto que puede tener modificaciones.<\/p>\n\n\n\n<p><strong>Informaci\u00f3n sobre los links.<\/strong><\/p>\n\n\n\n<p>INSTITUCI\u00d3N TRES TORRES, S.A. no se hace responsable de las webs no propias a las que se puede acceder mediante v\u00ednculos &#8220;links&#8221; o de cualquier contenido puesto a disposici\u00f3n por terceros.<\/p>\n\n\n\n<p>Cualquier uso de un v\u00ednculo o acceso a una web no propia es realizado por voluntad y riesgo exclusivo del usuario y INSTITUCI\u00d3N TRES TORRES, S.A. &nbsp;&nbsp;no recomienda ni garantiza ninguna informaci\u00f3n obtenida a trav\u00e9s de un v\u00ednculo ajeno a la web de INSTITUCI\u00d3N TRES TORRES, S.A. ni se responsabiliza de ninguna p\u00e9rdida, reclamaci\u00f3n o perjuicio derivada del uso o mal uso de un v\u00ednculo, o de la informaci\u00f3n obtenida a trav\u00e9s de \u00e9l, incluyendo otros v\u00ednculos o webs, de la interrupci\u00f3n en el servicio o en el acceso, o del intento de usar o usar mal un v\u00ednculo, tanto al conectarse a la Web de INSTITUCI\u00d3N TRES TORRES, S.A. como al acceder a la informaci\u00f3n de otras webs desde la Web de INSTITUCI\u00d3N TRES TORRES, S.A.<\/p>\n\n\n\n<p><strong>V\u00ednculos o enlaces desde otras webs externas.<\/strong><\/p>\n\n\n\n<p>Se proh\u00edbe expresamente establecer el v\u00ednculo (DIRECCI\u00d3N WEB DEFINITIVA) desde p\u00e1ginas que contengan manifestaciones o propaganda de car\u00e1cter racista, xen\u00f3fobo, pornogr\u00e1fico, de apolog\u00eda del terrorismo, en contra de los Derechos Humanos o cualquier otro de car\u00e1cter il\u00edcito o contrario a la moral y al orden p\u00fablico. En ning\u00fan caso se podr\u00e1 dar a entender, ni declarar que, INSTITUCI\u00d3N TRES TORRES, S.A., interviene, avala, promociona, participa o ha supervisado en forma alguna los contenidos de la p\u00e1gina donde figure el enlace, ni tan s\u00f3lo que consienta su incursi\u00f3n, excepto autorizaci\u00f3n expresa.<\/p>\n\n\n\n<p><strong>Renuncia y limitaci\u00f3n de la responsabilidad.<\/strong><\/p>\n\n\n\n<p>INSTITUCI\u00d3N TRES TORRES, S.A.&nbsp; informa que en todo momento implementa las medidas de seguridad oportunas a fin de presentar a los usuarios de la web informaciones y servicios adecuados, ciertos y actualizados; no obstante, se reserva el derecho de rectificaci\u00f3n sobre aquellos aspectos que, eventualmente y de forma fortuita, puedan sufrir incorrecciones, desactualizaciones o errores.<\/p>\n\n\n\n<p>INSTITUCI\u00d3N TRES TORRES, S.A. ha obtenido la informaci\u00f3n y los materiales incluidos en la web de fuentes consideradas como fiables, pero si bien se han tomado las medidas correspondientes por asegurar que la informaci\u00f3n contenida sea correcta, no garantiza que sea exacta o actualizada.<\/p>\n\n\n\n<p>Tambi\u00e9n se advierte que los contenidos de esta Web tienen dos finalidades, una finalidad informativa en cuanto a la calidad, situaci\u00f3n, servicios y tarifas y otra de venta de servicios, seg\u00fan lo previsto en el presente aviso legal y el resto de los textos legales de la presente web.<\/p>\n\n\n\n<p><strong>Indicaciones sobre aspectos t\u00e9cnicos.<\/strong><\/p>\n\n\n\n<p>INSTITUCI\u00d3N TRES TORRES, S.A.&nbsp; declina cualquier responsabilidad en caso de que existan interrupciones o un mal funcionamiento de los servicios o contenidos ofrecidos en Internet, cualquiera que sea su causa. Asimismo, INSTITUCI\u00d3N TRES TORRES, S.A. no se hace responsable por ca\u00eddas de la red, p\u00e9rdidas de informaci\u00f3n como consecuencia de dichas ca\u00eddas, suspensiones temporales del fluido el\u00e9ctrico o cualquier otro tipo de da\u00f1o indirecto que le pueda ser causado a los Usuarios por causas ajenas a INSTITUCI\u00d3N TRES TORRES, S.A.<\/p>\n\n\n\n<p>INSTITUCI\u00d3N TRES TORRES, S.A.&nbsp; no declara ni garantiza que los servicios o contenidos sean ininterrumpidos o que est\u00e9n libres de errores, que los defectos sean corregidos, o que el servicio o el servidor que lo pone a disposici\u00f3n est\u00e9n libres de virus u otros componentes nocivos, sin perjuicio de que INSTITUCI\u00d3N TRES TORRES, S.A.&nbsp; realiza sus mejores esfuerzos en evitar este tipo de incidentes. En caso de que el Usuario tomara determinadas decisiones o realizara acciones con base a la informaci\u00f3n incluida en cualquiera de los websites, se recomienda la comprobaci\u00f3n de la informaci\u00f3n recibida con otras fuentes.<\/p>\n\n\n\n<p><strong>Propiedad industrial e intelectual.<\/strong><\/p>\n\n\n\n<p>Los contenidos prestados por INSTITUCI\u00d3N TRES TORRES, S.A.&nbsp; as\u00ed como los contenidos vertidos en la red a trav\u00e9s de sus p\u00e1ginas web, constituyen una obra en el sentido de la legislaci\u00f3n sobre propiedad intelectual por lo que se hallan protegidos por las leyes y convenios internacionales aplicables en la materia.<\/p>\n\n\n\n<p>Queda prohibida cualquier forma de reproducci\u00f3n, distribuci\u00f3n, comunicaci\u00f3n p\u00fablica, transformaci\u00f3n, puesta a disposici\u00f3n y, en general, cualquier otro acto de explotaci\u00f3n p\u00fablica referido tanto a las p\u00e1ginas Web como a sus contenidos e informaci\u00f3n, sin el expreso y previo consentimiento y por escrito de INSTITUCI\u00d3N TRES TORRES, S.A.<\/p>\n\n\n\n<p>En consecuencia, todos los contenidos que se muestran en los diferentes websites y en especial, dise\u00f1os, textos, gr\u00e1ficos, logotipos, iconos, botones, software, nombres comerciales, marcas, dibujos industriales o cualesquiera otros signos susceptibles de utilizaci\u00f3n industrial y comercial est\u00e1n sujetos a derechos de propiedad intelectual e industrial de INSTITUCI\u00d3N TRES TORRES, S.A.&nbsp; o de terceros titulares de los mismos que han autorizado debidamente su inclusi\u00f3n en los diferentes websites.<\/p>\n\n\n\n<p>Los contenidos, im\u00e1genes, formas, opiniones, \u00edndices y dem\u00e1s expresiones formales que formen parte de las p\u00e1ginas Web, as\u00ed como el software necesario para el funcionamiento y visualizaci\u00f3n de las mismas, constituyen asimismo una obra en el sentido del Derecho de Autor y quedan, por lo tanto, protegidas por las convenciones internacionales y legislaciones nacionales en materia de Propiedad intelectual que resulten aplicables. El incumplimiento de lo se\u00f1alado implica la comisi\u00f3n de graves actos il\u00edcitos y su sanci\u00f3n por la legislaci\u00f3n civil y penal.<\/p>\n\n\n\n<p>Queda prohibido todo acto por virtud del cual los Usuarios de los servicios o contenidos puedan explotar o servirse comercialmente, directa o indirectamente, en su totalidad o parcialmente, de cualquiera de los contenidos, im\u00e1genes, formas, \u00edndices y dem\u00e1s expresiones formales que formen parte de las p\u00e1ginas Web sin permiso previo y por escrito de INSTITUCI\u00d3N TRES TORRES, S.A.<\/p>\n\n\n\n<p>En concreto, y sin car\u00e1cter exhaustivo, quedan prohibidos los actos de reproducci\u00f3n, distribuci\u00f3n, exhibici\u00f3n, transmisi\u00f3n, retransmisi\u00f3n, emisi\u00f3n en cualquier forma, almacenamiento en soportes f\u00edsicos o l\u00f3gicos (por ejemplo, disquetes o disco duro de ordenadores), digitalizaci\u00f3n o puesta a disposici\u00f3n desde bases de datos distintas de las pertenecientes a las autorizadas por INSTITUCI\u00d3N TRES TORRES, S.A.&nbsp; as\u00ed como su traducci\u00f3n, adaptaci\u00f3n, arreglo o cualquier otra transformaci\u00f3n de dichas opiniones, im\u00e1genes, formas, \u00edndices y dem\u00e1s expresiones formales que se pongan a disposici\u00f3n de los Usuarios a trav\u00e9s de los servicios o contenidos, en tanto tales actos est\u00e9n sometidos a la legislaci\u00f3n aplicable en materia de Propiedad intelectual, industrial o de protecci\u00f3n de la imagen.<\/p>\n\n\n\n<p>INSTITUCI\u00d3N TRES TORRES, S.A.&nbsp; es libre de limitar el acceso a las p\u00e1ginas Web, y a los productos y\/o servicios en ella ofrecidos, as\u00ed como la consiguiente publicaci\u00f3n de las opiniones, observaciones, im\u00e1genes o comentarios que los Usuarios puedan hacerle llegar a trav\u00e9s del correo electr\u00f3nico.<\/p>\n\n\n\n<p>INSTITUCI\u00d3N TRES TORRES, S.A.&nbsp; en este sentido, podr\u00e1 establecer, si lo considera oportuno, sin perjuicio de la \u00fanica y exclusiva responsabilidad de los Usuarios, los filtros necesarios a fin de evitar que a trav\u00e9s de sus p\u00e1ginas Web puedan verterse en la red contenidos u opiniones, considerados como racistas, xen\u00f3fobos, discriminatorios, pornogr\u00e1ficos, difamatorios o que, de cualquier modo, fomenten la violencia o la diseminaci\u00f3n de contenidos claramente il\u00edcitos o nocivos.<\/p>\n\n\n\n<p>Aquellos Usuarios que env\u00eden a las p\u00e1ginas Web de INSTITUCI\u00d3N TRES TORRES, S.A. a su departamento de sugerencias, observaciones, opiniones o comentarios por medio del servicio de correo electr\u00f3nico, salvo que expresen de manera cierta e inconfundible lo contrario, en los casos en los que por la naturaleza de los servicios o contenidos ello sea posible, se entiende que autorizan a INSTITUCI\u00d3N TRES TORRES, S.A.&nbsp; para la reproducci\u00f3n, distribuci\u00f3n, exhibici\u00f3n, transmisi\u00f3n, retransmisi\u00f3n, emisi\u00f3n en cualquier formato, almacenamiento en soportes f\u00edsicos o l\u00f3gicos (por ejemplo, disquetes o disco duro de ordenadores), digitalizaci\u00f3n, puesta a disposici\u00f3n desde bases de datos pertenecientes a INSTITUCI\u00d3N TRES TORRES, S.A.&nbsp; traducci\u00f3n, adaptaci\u00f3n, arreglo o cualquier otra transformaci\u00f3n de tales observaciones, opiniones o comentarios, por todo el tiempo de protecci\u00f3n de derecho de autor que est\u00e9 previsto legalmente.<\/p>\n\n\n\n<p>Asimismo, se entiende que esta autorizaci\u00f3n se hace a t\u00edtulo gratuito, y que por el solo hecho de enviar por correo electr\u00f3nico tales observaciones, opiniones o comentarios, los Usuarios declinan cualquier pretensi\u00f3n remuneratoria por parte de INSTITUCI\u00d3N TRES TORRES, S.A.<\/p>\n\n\n\n<p>De acuerdo con lo se\u00f1alado en el p\u00e1rrafo anterior, INSTITUCI\u00d3N TRES TORRES, S.A. queda autorizada igualmente para proceder a la modificaci\u00f3n o alteraci\u00f3n de tales observaciones, opiniones o comentarios, a fin de adaptarlos a las necesidades de formato editorial de las p\u00e1ginas Web, sin que por ello pueda entenderse que existe en absoluto cualquier tipo de lesi\u00f3n de cualesquiera de las facultades morales de derecho de autor que los Usuarios pudieran ostentar sobre aqu\u00e9llas.<\/p>\n\n\n\n<p>Quedan prohibidos cualesquiera de los recursos t\u00e9cnicos, l\u00f3gicos o tecnol\u00f3gicos por virtud de los cuales un tercero pueda beneficiarse, directa o indirectamente, con o sin lucro, de todos y cada uno de los contenidos, formas, \u00edndices y dem\u00e1s expresiones formales que formen parte de las p\u00e1ginas Web, o del esfuerzo llevado a cabo por INSTITUCI\u00d3N TRES TORRES, S.A. para su funcionamiento.<\/p>\n\n\n\n<p>En concreto, queda prohibido todo link, hyperlink, framing o v\u00ednculo similar que pueda establecerse en direcci\u00f3n a las p\u00e1ginas Web de INSTITUCI\u00d3N TRES TORRES, S.A. sin el consentimiento previo, expreso y por escrito de EL CLIENTE. Cualquier trasgresi\u00f3n de lo dispuesto en este punto ser\u00e1 considerada como lesi\u00f3n de los leg\u00edtimos derechos de Propiedad intelectual de INSTITUCI\u00d3N TRES TORRES, S.A. sobre las p\u00e1ginas Web y todos los contenidos de las mismas.<\/p>\n\n\n\n<p>INSTITUCI\u00d3N TRES TORRES, S.A. no asumir\u00e1 responsabilidad alguna ante consecuencias derivadas de las conductas y actuaciones antes citadas, del mismo modo que no asumir\u00e1 responsabilidad alguna por los contenidos, servicios, productos, etc., de terceros a los que se pueda acceder directamente o a trav\u00e9s de banners, enlaces, links, hyperlinks, framing o v\u00ednculos similares desde los websites de INSTITUCI\u00d3N TRES TORRES, S.A.<\/p>\n\n\n\n<p>Quedan prohibidos cualesquiera de los recursos t\u00e9cnicos, l\u00f3gicos o tecnol\u00f3gicos por virtud de los cuales un tercero pueda beneficiarse, directa o indirectamente, con o sin lucro, de todos y cada uno de los contenidos, formas, \u00edndices y dem\u00e1s expresiones formales que formen parte de las p\u00e1ginas Web, o del esfuerzo llevado a cabo por INSTITUCI\u00d3N TRES TORRES, S.A.&nbsp; para su funcionamiento.<\/p>\n\n\n\n<p>En concreto, queda prohibido todo link, hyperlink, framing o v\u00ednculo similar que pueda establecerse en direcci\u00f3n a las p\u00e1ginas Web de INSTITUCI\u00d3N TRES TORRES, S.A.&nbsp; sin el consentimiento previo, expreso y por escrito de INSTITUCI\u00d3N TRES TORRES, S.A. Cualquier trasgresi\u00f3n de lo dispuesto en este punto ser\u00e1 considerada como lesi\u00f3n de los leg\u00edtimos derechos de Propiedad intelectual sobre las p\u00e1ginas Web y todos los contenidos de las mismas.<\/p>\n\n\n\n<p>INSTITUCI\u00d3N TRES TORRES, S.A. no asumir\u00e1 responsabilidad alguna ante consecuencias derivadas de las conductas y actuaciones antes citadas, del mismo modo que no asumir\u00e1 responsabilidad alguna por los contenidos, servicios, productos, etc., de terceros a los que se pueda acceder directamente o a trav\u00e9s de banners, enlaces, links, hyperlinks, framing o v\u00ednculos similares desde los websites de INSTITUCI\u00d3N TRES TORRES, S.A.<\/p>\n\n\n\n<p><strong>Recomendaciones generales y acceso de menores.<\/strong><\/p>\n\n\n\n<p>INSTITUCI\u00d3N TRES TORRES, S.A. recomienda, siguiendo instrucciones del Instituto Nacional de Tecnolog\u00edas de la Comunicaci\u00f3n (INTECO) y de la Agencia Espa\u00f1ola de Protecci\u00f3n de Datos (AEPD), para el uso de redes sociales o navegaci\u00f3n en entornos Web, la ejecuci\u00f3n de las siguientes acciones <strong>(en caso de que alg\u00fan d\u00eda se disponga al uso):<\/strong><\/p>\n\n\n\n<ul class=\"wp-block-list\">\n<li>Se recomienda a todos los usuarios recurrir al uso de seud\u00f3nimos o nicks personales con los que operar a trav\u00e9s de Internet, permiti\u00e9ndoles disponer de una aut\u00e9ntica &#8220;identidad digital&#8221;, que no ponga en entredicho la seguridad de su vida personal y profesional.<\/li>\n\n\n\n<li>Se recomienda a los usuarios tener especial cuidado a la hora de publicar contenidos audiovisuales y gr\u00e1ficos en sus perfiles, dado que en este caso pueden estar poniendo en riesgo la privacidad e intimidad de personas de su entorno.<\/li>\n\n\n\n<li>Se recomienda revisar y leer, tanto en el momento previo al registro de usuario, como posteriormente, las condiciones generales de uso y la pol\u00edtica de privacidad que la plataforma pone a su disposici\u00f3n en sus sitios web.<\/li>\n\n\n\n<li>Se recomienda configurar adecuadamente el grado de privacidad del perfil de usuario en la red social, de tal forma que \u00e9ste no sea completamente p\u00fablico, sino que \u00fanicamente tengan acceso a la informaci\u00f3n publicada en el perfil aquellas personas que hayan sido catalogadas como &#8220;amigos&#8221; o &#8220;contactos directos&#8221; previamente por el usuario.<\/li>\n\n\n\n<li>Se recomienda aceptar como contacto \u00fanicamente a aquellas personas conocidas o con las que mantiene alguna relaci\u00f3n previa, no aceptando de forma compulsiva todas las solicitudes de contacto que recibe e investigando siempre que fuera posible y necesario, qui\u00e9n es la persona que solicita su contacto a trav\u00e9s de la red social.<\/li>\n\n\n\n<li>Se recomienda no publicar en el perfil de usuario informaci\u00f3n de contacto f\u00edsico, que permita a cualquier persona conocer d\u00f3nde vive, d\u00f3nde trabaja o estudia diariamente o los lugares de ocio que suele frecuentar.<\/li>\n\n\n\n<li>A los usuarios de herramientas de microblogging se recomienda tener especial cuidado respecto a la publicaci\u00f3n de informaci\u00f3n relativa a los lugares en que se encuentra en todo momento.<\/li>\n\n\n\n<li>Se recomienda utilizar y publicar \u00fanicamente contenidos respecto a los que se cuente con los derechos de propiedad intelectual suficientes. En caso contrario, el usuario estar\u00e1 cometiendo un il\u00edcito civil protegible por parte de los tribunales nacionales.<\/li>\n\n\n\n<li>Se recomienda a los usuarios emplear diferentes nombres de usuario y contrase\u00f1as para entrar en las distintas redes sociales de las que sea miembro.<\/li>\n\n\n\n<li>Se recomienda utilizar contrase\u00f1as con una extensi\u00f3n m\u00ednima de 8 caracteres, alfanum\u00e9ricos y con uso de may\u00fasculas y min\u00fasculas.<\/li>\n\n\n\n<li>Se recomienda a todos los usuarios disponer en sus equipos de software antivirus instalado y debidamente actualizado.<\/li>\n\n\n\n<li>Los menores no deben revelar datos personales excesivos. Nunca se deben suministrar los datos a desconocidos.<\/li>\n\n\n\n<li>Se debe leer toda la informaci\u00f3n concerniente a la p\u00e1gina web. En ella se explica qui\u00e9nes son los titulares de la misma y la finalidad para la que se solicitan los datos.<\/li>\n\n\n\n<li>Si el usuario es menor de catorce a\u00f1os, se necesita tambi\u00e9n el consentimiento de los padres tutores. En estos casos, siempre que se soliciten datos por parte de una red social debe preguntarse a los padres o tutores para ver si ellos aprueban la suscripci\u00f3n o no.<\/li>\n\n\n\n<li>No deben comunicarse a terceros los nombres de usuario y contrase\u00f1a, ni compartirlos entre amigos o compa\u00f1eros de clase. Estos datos son privados y no deben ser comunicados a terceros y\/o desconocidos.<\/li>\n\n\n\n<li>Siempre que se tenga cualquier duda respecto a alguna situaci\u00f3n que se derive del uso de las redes sociales y herramientas colaboradoras, debe preguntarse a los padres o tutores.<\/li>\n\n\n\n<li>Se debe mantener el ordenador en una zona com\u00fan de la casa.<\/li>\n\n\n\n<li>Se deben establecer reglas sobre el uso de Internet en casa.<\/li>\n\n\n\n<li>Los padres deben conocer el funcionamiento y las posibilidades de este tipo de plataformas, tanto positivas como negativas.<\/li>\n\n\n\n<li>Activar el control parental y las herramientas de control de la plataforma, as\u00ed como establecer el correo del padre o tutor como correo de contacto secundario.<\/li>\n\n\n\n<li>Asegurarse de que los controles de verificaci\u00f3n de la edad est\u00e1n implementados.<\/li>\n\n\n\n<li>Asegurar la correcta instalaci\u00f3n del bloqueador de contenidos.<\/li>\n\n\n\n<li>Concienciar e informar a los menores sobre aspectos relativos a la seguridad.<\/li>\n\n\n\n<li>Explicar a los menores que nunca han de quedar con personas que hayan conocido en el mundo online y que si lo hacen debe ser siempre en compa\u00f1\u00eda de sus padres o tutores.<\/li>\n\n\n\n<li>Asegurarse de que los menores conocen los riesgos e implicaciones de alojar contenidos como v\u00eddeos y fotograf\u00edas, as\u00ed como el uso de c\u00e1maras web a trav\u00e9s de las redes sociales.<\/li>\n\n\n\n<li>Controlar el perfil de usuario del menor.<\/li>\n\n\n\n<li>Asegurarse de que el menor s\u00f3lo accede a las p\u00e1ginas recomendadas para su edad.<\/li>\n\n\n\n<li>Asegurarse de que los menores no utilizan su nombre completo.<\/li>\n<\/ul>\n\n\n\n<p><strong>FUERO<\/strong><\/p>\n\n\n\n<p>El presente Aviso Legal se encuentra sometido a la legislaci\u00f3n espa\u00f1ola vigente. Para cualquier tipo de controversia derivada de la utilizaci\u00f3n de los servicios ofrecidos o de los contenidos propios de la P\u00e1gina las partes, con la aceptaci\u00f3n del clausulado establecido en el presente Aviso Legal se someter\u00e1n a los Tribunales y Juzgados competentes de Barcelona.<\/p>\n\n\n\n<p>Si alguna de las cl\u00e1usulas descritas en el Aviso Legal fuese declarada nula y sin efecto, continuar\u00e1n siendo de aplicaci\u00f3n las restantes, sin que deban quedar afectadas por la declaraci\u00f3n de nulidad.<\/p>\n\n\n\n<p><strong><em>\u00daltima revisi\u00f3n y actualizaci\u00f3n: 19\/05\/2025<\/em><\/strong><\/p>\n","protected":false},"excerpt":{"rendered":"<p>INSTITUCI\u00d3N TRES TORRES, S.A., como titular, dinamizador y gestor de contenidos de la presente Web. INSTITUCI\u00d3N TRES TORRES, S.A. informa a los Usuarios que cumple con la vigente normativa de protecci\u00f3n de datos, y con car\u00e1cter especial, con el Reglamento (UE) 2016\/679 del Parlamento Europeo y del Consejo de 27 de abril de 2016 relativo a la protecci\u00f3n de las personas f\u00edsicas en lo que respecta al tratamiento de datos personales y a la libre circulaci\u00f3n de estos datos y por el que se deroga la Directiva 95\/46\/CE (Reglamento general de protecci\u00f3n de datos\/RGPD) y con la Ley de la Sociedad de Servicios de la Informaci\u00f3n y Comercio Electr\u00f3nico, Ley 34\/2002, de 11 de julio (LSSI).<\/p>\n","protected":false},"author":1,"featured_media":0,"parent":0,"menu_order":0,"comment_status":"closed","ping_status":"closed","template":"","meta":{"_acf_changed":false,"_uag_custom_page_level_css":"","footnotes":""},"class_list":["post-11023","page","type-page","status-publish","hentry"],"acf":false,"uagb_featured_image_src":{"full":false,"thumbnail":false,"medium":false,"medium_large":false,"large":false,"1536x1536":false,"2048x2048":false},"uagb_author_info":{"display_name":"@clinicasmi","author_link":"https:\/\/mitrestorres.com\/ca\/author\/clinicasmi\/"},"uagb_comment_info":0,"uagb_excerpt":"INSTITUCI\u00d3N TRES TORRES, S.A., como titular, dinamizador y gestor de contenidos de la presente Web. INSTITUCI\u00d3N TRES TORRES, S.A. informa a los Usuarios que cumple con la vigente normativa de protecci\u00f3n de datos, y con car\u00e1cter especial, con el Reglamento (UE) 2016\/679 del Parlamento Europeo y del Consejo de 27 de abril de 2016 relativo&hellip;","_links":{"self":[{"href":"https:\/\/mitrestorres.com\/ca\/wp-json\/wp\/v2\/pages\/11023","targetHints":{"allow":["GET"]}}],"collection":[{"href":"https:\/\/mitrestorres.com\/ca\/wp-json\/wp\/v2\/pages"}],"about":[{"href":"https:\/\/mitrestorres.com\/ca\/wp-json\/wp\/v2\/types\/page"}],"author":[{"embeddable":true,"href":"https:\/\/mitrestorres.com\/ca\/wp-json\/wp\/v2\/users\/1"}],"replies":[{"embeddable":true,"href":"https:\/\/mitrestorres.com\/ca\/wp-json\/wp\/v2\/comments?post=11023"}],"version-history":[{"count":2,"href":"https:\/\/mitrestorres.com\/ca\/wp-json\/wp\/v2\/pages\/11023\/revisions"}],"predecessor-version":[{"id":12389,"href":"https:\/\/mitrestorres.com\/ca\/wp-json\/wp\/v2\/pages\/11023\/revisions\/12389"}],"wp:attachment":[{"href":"https:\/\/mitrestorres.com\/ca\/wp-json\/wp\/v2\/media?parent=11023"}],"curies":[{"name":"wp","href":"https:\/\/api.w.org\/{rel}","templated":true}]}}