{"id":11022,"date":"2024-01-16T08:22:24","date_gmt":"2024-01-16T07:22:24","guid":{"rendered":"https:\/\/mitrestorres.com\/politica-de-cookies\/"},"modified":"2024-10-23T12:10:20","modified_gmt":"2024-10-23T10:10:20","slug":"politica-de-cookies","status":"publish","type":"page","link":"https:\/\/mitrestorres.com\/ca\/politica-de-cookies\/","title":{"rendered":"Pol\u00edtica de Cookies"},"content":{"rendered":"\n<div class=\"wp-block-group\"><div class=\"wp-block-group__inner-container is-layout-constrained wp-block-group-is-layout-constrained\">\n<h3 class=\"wp-block-heading\"><strong>Cookies utilitzades en aquest lloc web<\/strong><\/h3>\n\n\n\n<div style=\"height:10px\" aria-hidden=\"true\" class=\"wp-block-spacer\"><\/div>\n\n\n\n<figure class=\"wp-block-table\"><table class=\"has-fixed-layout\"><thead><tr><td><strong>NOM<\/strong><\/td><td><strong>FINALITAT<\/strong><\/td><td><strong>DESCRIPCI\u00d3<\/strong><\/td><td><strong>PROVE\u00cfDOR<\/strong><\/td><td><strong>DURADA<\/strong><\/td><\/tr><\/thead><tbody><tr><td>PHPSESSID<\/td><td>Necess\u00e0ria<\/td><td>Aquesta cookie s&#8217;utilitza per guardar les dades de la sessi\u00f3 de l&#8217;usuari. Aquesta cookie \u00e9s essencial pel funcionament de la web.<\/td><td>Pr\u00f2pia<\/td><td>Sessi\u00f3<\/td><\/tr><tr><td>cookieControl<br>cookieControlPrefs<\/td><td>Necess\u00e0ria<\/td><td>Cookie que permet saber si l&#8217;usuari ha acceptat o no les cookies.<\/td><td>Pr\u00f2pia<\/td><td>Sessi\u00f3<\/td><\/tr><tr><td>lang<\/td><td>Personalitzaci\u00f3<\/td><td>Aquesta cookie s&#8217;utilitza per emmagatzemar les prefer\u00e8ncies d&#8217;idioma d&#8217;un usuari per oferir contingut en aquest idioma emmagatzemat la propera vegada que l&#8217;usuari visiti el lloc web.<\/td><td>Pr\u00f2pia<\/td><td>1 any<\/td><\/tr><tr><td>_ga<\/td><td>Anal\u00edtica<\/td><td>Aquesta cookie \u00e9s instal\u00b7lada per Google Analytics. La cookie s&#8217;utilitza per calcular les dades de visitants, sessions, campanyes i fer un seguiment de l&#8217;\u00fas del lloc per a l&#8217;informe d&#8217;an\u00e0lisi del lloc. Les cookies emmagatzemen informaci\u00f3 de forma an\u00f2nima i assignen un n\u00famero generat aleat\u00f2riament per identificar visitants \u00fanics.<\/td><td><a href=\"http:\/\/www.google.com\/intl\/es\/policies\/privacy\/\" target=\"_blank\" rel=\"noreferrer noopener\">Google Analytics<\/a><\/td><td>2 anys<\/td><\/tr><tr><td>_gid<\/td><td>Anal\u00edtica<\/td><td>Aquesta cookie la instal\u00b7la per Google Analytics. S&#8217;utilitza per emmagatzemar informaci\u00f3 sobre com els visitants utilitzen un lloc web i ajuda a crear un informe d&#8217;an\u00e0lisi de com funciona el web. Les dades recopilades inclouen el nombre de visitants, la font d&#8217;on provenen i les p\u00e0gines visitades de forma an\u00f2nima.<\/td><td><a href=\"http:\/\/www.google.com\/intl\/es\/policies\/privacy\/\" target=\"_blank\" rel=\"noreferrer noopener\">Google Analytics<\/a><\/td><td>1 dia<\/td><\/tr><\/tbody><\/table><\/figure>\n\n\n\n<div style=\"height:30px\" aria-hidden=\"true\" class=\"wp-block-spacer\"><\/div>\n\n\n\n<p>Per una millor comprensi\u00f3 dels diferents tipus de cookies, tot seguit us facilitem la seg\u00fcent informaci\u00f3:<\/p>\n\n\n\n<ul class=\"wp-block-list\">\n<li><strong>Cookies pr\u00f2pies<\/strong>: s\u00f3n aquelles de les quals el responsable n\u2019\u00e9s el propi editor i que, generalment, s\u2019envien a l\u2019equip terminal de l\u2019usuari des d\u2019un equip o domini gestionat pel propi editor i des del que es presta el servei sol\u00b7licitat.<\/li>\n\n\n\n<li><strong>Cookies de tercers<\/strong>: s\u00f3n aquelles de les que n\u2019\u00e9s responsable una entitat diferent de l\u2019editor i que, generalment, s\u2019envien a l\u2019equip terminal de l\u2019usuari des d\u2019un equip o domino que no es gestionat per l\u2019editor, sin\u00f3 per un altre entitat que tractar\u00e0 les dades obtingudes a trav\u00e9s de les cookies.<\/li>\n\n\n\n<li><strong>Cookies de sessi\u00f3<\/strong>: s\u2019eliminen una vegada ha finalitzat la sessi\u00f3 de l\u2019usuari.<\/li>\n\n\n\n<li><strong>Cookies persistents<\/strong>: s\u00f3n aquelles que queden emmagatzemades al terminal de l\u2019usuari i poden ser accedides i tractades durant un per\u00edode indeterminat de temps pel responsable de la cookies.<\/li>\n\n\n\n<li><strong><em>Cookies necess\u00e0ries<\/em><\/strong>: s\u00f3n aquelles que existeixen nom\u00e9s mentre l&#8217;usuari navega pel web i que desapareixen quan l&#8217;usuari abandona la p\u00e0gina web. Serveixen per mantenir informaci\u00f3 b\u00e0sica sobre la navegaci\u00f3 i aix\u00ed poder oferir una millor experi\u00e8ncia a l&#8217;usuari.<\/li>\n\n\n\n<li><strong><em>Cookies de personalitzaci\u00f3<\/em><\/strong>: es mantenen entre visites al mateix web i serveixen per guardar les personalitzacions de l&#8217;usuari, com ara l&#8217;idioma en que ha navegat.<\/li>\n\n\n\n<li><strong><em>Cookies anal\u00edtiques<\/em><\/strong>:&nbsp;s&#8217;emmagatzemen per poder el\u00b7laborar estad\u00edstiques sobre el tr\u00e0fic&nbsp;i&nbsp;volum de visites d&#8217;aquesta web.<\/li>\n\n\n\n<li><strong><em>Cookies publicit\u00e0ries<\/em><\/strong>: mostren publicitat en funci\u00f3 de la vostra navegaci\u00f3, el vostre&nbsp;pa\u00eds de proced\u00e8ncia, idioma, etc.<\/li>\n\n\n\n<li><strong><em>Xarxes<\/em><\/strong>&nbsp;<strong><em>socials<\/em><\/strong>: de vegades en alguns apartats de la p\u00e0gina web es pot compartir el contingut a les xarxes&nbsp;socials i aquestes poden utilitzar&nbsp;les seves pr\u00f2pies&nbsp;<em>cookies<\/em>.<\/li>\n<\/ul>\n\n\n\n<p class=\"cmplz-show-banner\">En qualsevol moment podeu canviar el vostre consentiment des de la Configuraci\u00f3 de cookies en el nostre lloc web.\u00a0Si el m\u00f2dul est\u00e0 tancat, podeu accedir des d&#8217;<a href=\"#\">aquest enlla\u00e7<\/a><a href=\"https:\/\/www.xn--minovaliana-v9a.com\/ca\/politica-de-cookies\"><strong>.<\/strong><\/a><\/p>\n\n\n\n<div style=\"height:40px\" aria-hidden=\"true\" class=\"wp-block-spacer\"><\/div>\n\n\n\n<h3 class=\"wp-block-heading\"><strong>Altres cookies de tercers<\/strong><\/h3>\n\n\n\n<div style=\"height:10px\" aria-hidden=\"true\" class=\"wp-block-spacer\"><\/div>\n\n\n\n<p>Algunes de les nostres p\u00e0gines poden mostrar contingut de prove\u00efdors externs, per exemple. YouTube, Facebook i Twitter.<br>Per veure aquest contingut de tercers, primer heu d&#8217;acceptar els seus termes i condicions espec\u00edfics. Aix\u00f2 inclou les seves pol\u00edtiques de cookies, sobre les quals no tenim control.<br>Per\u00f2 si no visualitzeu aquest contingut, no s&#8217;instal\u00b7laran cookies de tercers al vostre dispositiu.<\/p>\n\n\n\n<p><strong>Prove\u00efdors externs que pot tenir aquest lloc web:<\/strong><\/p>\n\n\n\n<ul class=\"wp-block-list\">\n<li><a href=\"https:\/\/www.youtube.com\/t\/terms\" target=\"_blank\" rel=\"noreferrer noopener\">You Tube<\/a><\/li>\n\n\n\n<li><a href=\"https:\/\/www.google.com\/intl\/en_be\/help\/terms_maps\/\" target=\"_blank\" rel=\"noreferrer noopener\">Google Maps<\/a><\/li>\n\n\n\n<li><a href=\"https:\/\/twitter.com\/en\/tos?wcmmode=disabled#intlTerms\" target=\"_blank\" rel=\"noreferrer noopener\">Twitter<\/a><\/li>\n\n\n\n<li><a href=\"https:\/\/vimeo.com\/terms\" target=\"_blank\" rel=\"noreferrer noopener\">Vimeo<\/a><\/li>\n\n\n\n<li><a href=\"https:\/\/www.facebook.com\/legal\/terms\" target=\"_blank\" rel=\"noreferrer noopener\">Facebook<\/a><\/li>\n\n\n\n<li><a href=\"https:\/\/policies.google.com\/terms?hl=en&amp;gl=be\" target=\"_blank\" rel=\"noreferrer noopener\">Google<\/a><\/li>\n\n\n\n<li><a href=\"https:\/\/www.linkedin.com\/legal\/user-agreement\" target=\"_blank\" rel=\"noreferrer noopener\">LinkedIn<\/a><\/li>\n<\/ul>\n\n\n\n<p>Aquests serveis de tercers estan fora del control de la nostra organitzaci\u00f3. Els prove\u00efdors poden, en qualsevol moment, canviar les seves condicions de servei, finalitat i \u00fas de cookies, etc.<\/p>\n\n\n\n<div style=\"height:40px\" aria-hidden=\"true\" class=\"wp-block-spacer\"><\/div>\n\n\n\n<h3 class=\"wp-block-heading\"><strong>Com controlar i eliminar les cookies<\/strong><\/h3>\n\n\n\n<div style=\"height:10px\" aria-hidden=\"true\" class=\"wp-block-spacer\"><\/div>\n\n\n\n<p>En qualsevol&nbsp;moment podreu exercir el vostre dret de&nbsp;desactivaci\u00f3 o eliminaci\u00f3 de&nbsp;<em>cookies<\/em>&nbsp;d&#8217;aquest lloc web. Aquestes&nbsp;accions es&nbsp;realitzen de forma diferent en funci\u00f3 del navegador que estigueu utilitzant. Bloquejar l&#8217;\u00fas de les cookies en la vostra navegaci\u00f3 pot fer que alguns serveis o caracter\u00edstiques del lloc web no estiguin disponibles.<\/p>\n\n\n\n<p>Tot seguit us facilitem informaci\u00f3 que us permetr\u00e0 gestionar les cookies instal\u00b7lades en els navegadors m\u00e9s populars:<\/p>\n\n\n\n<p><strong>Internet Explorer<\/strong><br><a href=\"https:\/\/support.microsoft.com\/es-es\/help\/17442\/windows-internet-explorer-delete-manage-cookies\" target=\"_blank\" rel=\"noreferrer noopener\">https:\/\/support.microsoft.com\/es-es\/help\/17442\/windows-internet-explorer-delete-manage-cookies<\/a><\/p>\n\n\n\n<p><strong>Safari<\/strong><br><a href=\"https:\/\/support.apple.com\/es-es\/guide\/safari\/sfri11471\/mac\" target=\"_blank\" rel=\"noreferrer noopener\">https:\/\/support.apple.com\/es-es\/guide\/safari\/sfri11471\/mac<\/a><\/p>\n\n\n\n<p><strong>Opera<\/strong><br><a href=\"https:\/\/help.opera.com\/en\/latest\/web-preferences\/\" target=\"_blank\" rel=\"noreferrer noopener\">https:\/\/help.opera.com\/en\/latest\/web-preferences\/<\/a><\/p>\n\n\n\n<p><strong>Firefox<\/strong><br><a href=\"https:\/\/support.mozilla.org\/es\/kb\/habilitar-y-deshabilitar-cookies-sitios-web-rastrear-preferencias\" target=\"_blank\" rel=\"noreferrer noopener\">https:\/\/support.mozilla.org\/es\/kb\/habilitar-y-deshabilitar-cookies-sitios-web-rastrear-preferencias<\/a><\/p>\n\n\n\n<p><strong>Google Chrome<\/strong><br><a href=\"https:\/\/support.google.com\/chrome\/answer\/95647?hl=es\" target=\"_blank\" rel=\"noreferrer noopener\">https:\/\/support.google.com\/chrome\/answer\/95647?hl=es<\/a><\/p>\n\n\n\n<div style=\"height:40px\" aria-hidden=\"true\" class=\"wp-block-spacer\"><\/div>\n\n\n\n<h3 class=\"wp-block-heading\"><strong>Notes addicionals<\/strong><\/h3>\n\n\n\n<div style=\"height:10px\" aria-hidden=\"true\" class=\"wp-block-spacer\"><\/div>\n\n\n\n<p>Ni aquesta&nbsp;web ni els seus representants&nbsp;legals es fan&nbsp;responsables ni del contingut ni de la veracitat&nbsp;de les pol\u00edtiques de privacitat que puguin tenir els tercers mencionats en aquesta pol\u00edtica de&nbsp;<em>cookies<\/em>.<\/p>\n\n\n\n<p>Els navegadors web s\u00f3n les eines encarregades d&#8217;emmagatzemar les&nbsp;<em>cookies<\/em>&nbsp;i des d&#8217;aquest lloc d&#8217;efectuar el seu dret a eliminaci\u00f3 o desactivaci\u00f3 de&nbsp;les mateixes. Ni aquest web ni els seus representants legals poden garantir la&nbsp;correcta o incorrecta manipulaci\u00f3 de les&nbsp;<em>cookies<\/em>&nbsp;per part dels&nbsp;esmentats navegadors.<\/p>\n\n\n\n<p>En alguns casos es necessari instal\u00b7lar&nbsp;<em>cookies<\/em>&nbsp;perqu\u00e8 el navegador no oblidi la vostra decisi\u00f3 de no acceptaci\u00f3 de les mateixes.<\/p>\n\n\n\n<p>En el cas de les&nbsp;<em>cookies<\/em>&nbsp;de Google Analytics, aquesta&nbsp;empresa&nbsp;emmagatzema les&nbsp;<em>cookies<\/em>&nbsp;en els servidors en Estats Units i es compromet a no&nbsp;compartir-la amb tercers, excepte en els casos en qu\u00e8 sigui necessari per&nbsp;el funcionament del sistema o quan la llei obligui a aquest efecte.&nbsp;Google Inc.&nbsp;\u00e9s una companyia adherida a l&#8217;Escut de privacitat (<a href=\"https:\/\/www.privacyshield.gov\/welcome\" target=\"_blank\" rel=\"noreferrer noopener\">https:\/\/www.privacyshield.gov\/welcome<\/a>) que garanteix que totes les dades transferides seran&nbsp;tractades amb un nivell de protecci\u00f3 d&#8217;acord amb la normativa europea. A l&#8217;utilitzar&nbsp;aquest lloc&nbsp;web esteu&nbsp;consentint el tractament d&#8217;informaci\u00f3 a&nbsp;Google. En conseq\u00fc\u00e8ncia, l&#8217;exercici de qualsevol dret&nbsp;en aquest&nbsp;sentit&nbsp;s&#8217;haur\u00e0 comunicar directament&nbsp;a Google.<\/p>\n\n\n\n<p>Si desitgeu podeu consultar m\u00e9s informaci\u00f3 sobre l&#8217;\u00fas que Google fa de&nbsp;les&nbsp;<em>cookies<\/em>.&nbsp;<a href=\"https:\/\/developers.google.com\/analytics\/devguides\/collection\/analyticsjs\/cookie-usage\" target=\"_blank\" rel=\"noreferrer noopener\">https:\/\/developers.google.com\/analytics\/devguides\/collection\/analyticsjs\/cookie-usage<\/a><\/p>\n\n\n\n<p><strong>Actualitzat: Octubre 2024<\/strong><\/p>\n<\/div><\/div>\n","protected":false},"excerpt":{"rendered":"<p>Qu\u00e8 \u00e9s una cookie?<br \/>\nLes cookies s\u00f3n petits arxius de text que s&#8217;envien al dispositiu quan visiteu un lloc web. Les cookies s\u00f3n retornades al lloc web d&#8217;origen cada cop que el visiteu, o a un altre lloc web que reconeix que la cookie. Les cookies actuen com un record d&#8217;un lloc web, la qual cosa permet recordar el dispositiu en les visites subseg\u00fcents. Les cookies tamb\u00e9 poden recordar les vostres prefer\u00e8ncies, millorar l&#8217;experi\u00e8ncia de l&#8217;usuari, aix\u00ed com adaptar els anuncis.<\/p>\n","protected":false},"author":1,"featured_media":0,"parent":0,"menu_order":0,"comment_status":"closed","ping_status":"closed","template":"","meta":{"_acf_changed":false,"_uag_custom_page_level_css":"","footnotes":""},"class_list":["post-11022","page","type-page","status-publish","hentry"],"acf":false,"uagb_featured_image_src":{"full":false,"thumbnail":false,"medium":false,"medium_large":false,"large":false,"1536x1536":false,"2048x2048":false},"uagb_author_info":{"display_name":"@clinicasmi","author_link":"https:\/\/mitrestorres.com\/ca\/author\/clinicasmi\/"},"uagb_comment_info":0,"uagb_excerpt":"Qu\u00e8 \u00e9s una cookie? Les cookies s\u00f3n petits arxius de text que s'envien al dispositiu quan visiteu un lloc web. Les cookies s\u00f3n retornades al lloc web d'origen cada cop que el visiteu, o a un altre lloc web que reconeix que la cookie. Les cookies actuen com un record d'un lloc web, la qual&hellip;","_links":{"self":[{"href":"https:\/\/mitrestorres.com\/ca\/wp-json\/wp\/v2\/pages\/11022","targetHints":{"allow":["GET"]}}],"collection":[{"href":"https:\/\/mitrestorres.com\/ca\/wp-json\/wp\/v2\/pages"}],"about":[{"href":"https:\/\/mitrestorres.com\/ca\/wp-json\/wp\/v2\/types\/page"}],"author":[{"embeddable":true,"href":"https:\/\/mitrestorres.com\/ca\/wp-json\/wp\/v2\/users\/1"}],"replies":[{"embeddable":true,"href":"https:\/\/mitrestorres.com\/ca\/wp-json\/wp\/v2\/comments?post=11022"}],"version-history":[{"count":4,"href":"https:\/\/mitrestorres.com\/ca\/wp-json\/wp\/v2\/pages\/11022\/revisions"}],"predecessor-version":[{"id":11803,"href":"https:\/\/mitrestorres.com\/ca\/wp-json\/wp\/v2\/pages\/11022\/revisions\/11803"}],"wp:attachment":[{"href":"https:\/\/mitrestorres.com\/ca\/wp-json\/wp\/v2\/media?parent=11022"}],"curies":[{"name":"wp","href":"https:\/\/api.w.org\/{rel}","templated":true}]}}