{"id":108,"date":"2022-10-17T15:24:30","date_gmt":"2022-10-17T13:24:30","guid":{"rendered":"https:\/\/minovalianca.clinicas-mi.local\/?page_id=108"},"modified":"2023-08-01T12:12:11","modified_gmt":"2023-08-01T10:12:11","slug":"serveis","status":"publish","type":"page","link":"https:\/\/mitrestorres.com\/ca\/la-clinica\/serveis\/","title":{"rendered":"Serveis"},"content":{"rendered":"\n<p>Entre altres, a la Cl\u00ednica Mi Tres Torres oferim servei de farm\u00e0cia, de laboratori cl\u00ednic, de diagn\u00f2stic per la imatge i d\u2019arxiu i documentaci\u00f3 cl\u00ednica. A continuaci\u00f3, podeu consultar les caracter\u00edstiques de cada servei.<\/p>\n","protected":false},"excerpt":{"rendered":"<p>Entre altres, a la Cl\u00ednica Mi Tres Torres oferim servei de farm\u00e0cia, de laboratori cl\u00ednic, de diagn\u00f2stic per la imatge i d\u2019arxiu i documentaci\u00f3 cl\u00ednica. A continuaci\u00f3, podeu consultar les caracter\u00edstiques de cada servei.<\/p>\n","protected":false},"author":1,"featured_media":0,"parent":3111,"menu_order":2,"comment_status":"closed","ping_status":"closed","template":"templates\/services.php","meta":{"_acf_changed":false,"_uag_custom_page_level_css":"","footnotes":""},"class_list":["post-108","page","type-page","status-publish","hentry"],"acf":false,"uagb_featured_image_src":{"full":false,"thumbnail":false,"medium":false,"medium_large":false,"large":false,"1536x1536":false,"2048x2048":false},"uagb_author_info":{"display_name":"@clinicasmi","author_link":"https:\/\/mitrestorres.com\/ca\/author\/clinicasmi\/"},"uagb_comment_info":0,"uagb_excerpt":"Entre altres, a la Cl\u00ednica Mi Tres Torres oferim servei de farm\u00e0cia, de laboratori cl\u00ednic, de diagn\u00f2stic per la imatge i d\u2019arxiu i documentaci\u00f3 cl\u00ednica. A continuaci\u00f3, podeu consultar les caracter\u00edstiques de cada servei.","_links":{"self":[{"href":"https:\/\/mitrestorres.com\/ca\/wp-json\/wp\/v2\/pages\/108","targetHints":{"allow":["GET"]}}],"collection":[{"href":"https:\/\/mitrestorres.com\/ca\/wp-json\/wp\/v2\/pages"}],"about":[{"href":"https:\/\/mitrestorres.com\/ca\/wp-json\/wp\/v2\/types\/page"}],"author":[{"embeddable":true,"href":"https:\/\/mitrestorres.com\/ca\/wp-json\/wp\/v2\/users\/1"}],"replies":[{"embeddable":true,"href":"https:\/\/mitrestorres.com\/ca\/wp-json\/wp\/v2\/comments?post=108"}],"version-history":[{"count":2,"href":"https:\/\/mitrestorres.com\/ca\/wp-json\/wp\/v2\/pages\/108\/revisions"}],"predecessor-version":[{"id":10497,"href":"https:\/\/mitrestorres.com\/ca\/wp-json\/wp\/v2\/pages\/108\/revisions\/10497"}],"up":[{"embeddable":true,"href":"https:\/\/mitrestorres.com\/ca\/wp-json\/wp\/v2\/pages\/3111"}],"wp:attachment":[{"href":"https:\/\/mitrestorres.com\/ca\/wp-json\/wp\/v2\/media?parent=108"}],"curies":[{"name":"wp","href":"https:\/\/api.w.org\/{rel}","templated":true}]}}