{"id":10612,"date":"2023-08-04T10:34:37","date_gmt":"2023-08-04T08:34:37","guid":{"rendered":"https:\/\/mitrestorres.com\/tu-testimonio\/"},"modified":"2023-09-22T08:12:10","modified_gmt":"2023-09-22T06:12:10","slug":"tu-testimonio","status":"publish","type":"page","link":"https:\/\/mitrestorres.com\/ca\/tu-testimonio\/","title":{"rendered":"El teu testimoni"},"content":{"rendered":"\n<div class=\"wp-block-contact-form-7-contact-form-selector\">\n<div class=\"wpcf7 no-js\" id=\"wpcf7-f10536-o1\" lang=\"es-ES\" dir=\"ltr\" data-wpcf7-id=\"10536\">\n<div class=\"screen-reader-response\"><p role=\"status\" aria-live=\"polite\" aria-atomic=\"true\"><\/p> <ul><\/ul><\/div>\n<form action=\"\/ca\/wp-json\/wp\/v2\/pages\/10612#wpcf7-f10536-o1\" method=\"post\" class=\"wpcf7-form init\" aria-label=\"Formulario de contacto\" enctype=\"multipart\/form-data\" novalidate=\"novalidate\" data-status=\"init\">\n<fieldset class=\"hidden-fields-container\"><input type=\"hidden\" name=\"_wpcf7\" value=\"10536\" \/><input type=\"hidden\" name=\"_wpcf7_version\" value=\"6.1.5\" \/><input type=\"hidden\" name=\"_wpcf7_locale\" value=\"es_ES\" \/><input type=\"hidden\" name=\"_wpcf7_unit_tag\" value=\"wpcf7-f10536-o1\" \/><input type=\"hidden\" name=\"_wpcf7_container_post\" value=\"0\" \/><input type=\"hidden\" name=\"_wpcf7_posted_data_hash\" value=\"\" \/>\n<\/fieldset>\n<h3 class=\"mb-20\">Dades personals\n<\/h3>\n<div class=\"md:grid grid-cols-2 gap-12\">\n\t<p><label class=\"mb-6\"> Nom i cogonoms*<br \/>\n<span class=\"wpcf7-form-control-wrap\" data-name=\"your-name\"><input size=\"40\" maxlength=\"400\" class=\"wpcf7-form-control wpcf7-text wpcf7-validates-as-required\" aria-required=\"true\" aria-invalid=\"false\" placeholder=\"Escriu aqu\u00ed el teu nom i cognoms\" value=\"\" type=\"text\" name=\"your-name\" \/><\/span> <\/label><label class=\"mb-6\"> Correu electr\u00f2nic*<br \/>\n<span class=\"wpcf7-form-control-wrap\" data-name=\"your-email\"><input size=\"40\" maxlength=\"400\" class=\"wpcf7-form-control wpcf7-email wpcf7-validates-as-required wpcf7-text wpcf7-validates-as-email\" aria-required=\"true\" aria-invalid=\"false\" placeholder=\"Escriu aqu\u00ed el teu correu electr\u00f2nic\" value=\"\" type=\"email\" name=\"your-email\" \/><\/span> <\/label><label class=\"mb-6\"> Professi\u00f3<br \/>\n<span class=\"wpcf7-form-control-wrap\" data-name=\"your-profession\"><input size=\"40\" maxlength=\"400\" class=\"wpcf7-form-control wpcf7-text\" aria-invalid=\"false\" placeholder=\"Escriu aqu\u00ed la teva professi\u00f3\" value=\"\" type=\"text\" name=\"your-profession\" \/><\/span> <\/label>\n\t<\/p>\n\t<div>\n\t\t<p><span class=\"wpcf7-label\">Fotografia<\/span>\n\t\t<\/p>\n\t\t<div>\n\t\t\t<p><span class=\"wpcf7-form-control-wrap\" data-name=\"file-430\"><input size=\"40\" class=\"wpcf7-form-control wpcf7-file hidden\" id=\"actual-btn\" accept=\".jpg,.png\" aria-invalid=\"false\" type=\"file\" name=\"file-430\" \/><\/span><label class=\"label_btn-file\" for=\"actual-btn\"><span id=\"file-chosen\">Adjunta una fotografia (m\u00e0xim 400 Kb)<\/span><span class=\"btn-file\">Examinar<\/span><\/label>\n\t\t\t<\/p>\n\t\t<\/div>\n\t<\/div>\n<\/div>\n<h3 class=\"my-20\">Dades sobre el teu testimoni\n<\/h3>\n<div class=\"md:grid grid-cols-2 gap-12\">\n\t<div class=\"mb-6\">\n\t\t<p><label> Especialitat<\/label><span class=\"wpcf7-form-control-wrap\" data-name=\"specialty\"><select class=\"wpcf7-form-control wpcf7-select\" aria-invalid=\"false\" name=\"specialty\"><option value=\"\">Selecciona la especialidad de tu tratamiento<\/option><option value=\"Al\u00b7lergologia\">Al\u00b7lergologia<\/option><option value=\"Angiologia i cirurgia vascular\">Angiologia i cirurgia vascular<\/option><option value=\"Aparell Digestiu, Endosc\u00f2pia Digestiva i Bari\u00e0trica\">Aparell Digestiu, Endosc\u00f2pia Digestiva i Bari\u00e0trica<\/option><option value=\"Cardiologia\">Cardiologia<\/option><option value=\"Cirurgia general i digestiva\">Cirurgia general i digestiva<\/option><option value=\"Cirurgia Maxil\u00b7lofacial\">Cirurgia Maxil\u00b7lofacial<\/option><option value=\"Cirurgia pl\u00e0stica, est\u00e8tica i reconstructiva\">Cirurgia pl\u00e0stica, est\u00e8tica i reconstructiva<\/option><option value=\"Columna\">Columna<\/option><option value=\"Dermatologia\">Dermatologia<\/option><option value=\"Diagn\u00f2stic per imatge\">Diagn\u00f2stic per imatge<\/option><option value=\"Endocrinologia i nutrici\u00f3\">Endocrinologia i nutrici\u00f3<\/option><option value=\"Genoll\">Genoll<\/option><option value=\"Ginecologia i obstetr\u00edcia\">Ginecologia i obstetr\u00edcia<\/option><option value=\"M\u00e0 i colze\">M\u00e0 i colze<\/option><option value=\"Malalties Infeccioses, Proctologia i Salut Sexual\">Malalties Infeccioses, Proctologia i Salut Sexual<\/option><option value=\"Maluc\">Maluc<\/option><option value=\"Mano y codo\">Mano y codo<\/option><option value=\"Medicina de l&#039;esport\">Medicina de l&#039;esport<\/option><option value=\"Medicina est\u00e8tica\">Medicina est\u00e8tica<\/option><option value=\"Medicina Interna i Familiar\">Medicina Interna i Familiar<\/option><option value=\"Nefrologia\">Nefrologia<\/option><option value=\"Neurocirurgia\">Neurocirurgia<\/option><option value=\"Neurofisiologia\">Neurofisiologia<\/option><option value=\"Neurologia\">Neurologia<\/option><option value=\"Oftalmologia\">Oftalmologia<\/option><option value=\"Oncologia\">Oncologia<\/option><option value=\"Otorinolaringologia\">Otorinolaringologia<\/option><option value=\"Peu i Turmell\">Peu i Turmell<\/option><option value=\"Pie y Tobillo\">Pie y Tobillo<\/option><option value=\"Psicologia\">Psicologia<\/option><option value=\"Psicolog\u00eda\">Psicolog\u00eda<\/option><option value=\"Psiquiatria\">Psiquiatria<\/option><option value=\"Radiologia\">Radiologia<\/option><option value=\"Reumatologia\">Reumatologia<\/option><option value=\"Traumatologia i Cirurgia ortop\u00e8dica\">Traumatologia i Cirurgia ortop\u00e8dica<\/option><option value=\"Unitat de Microbiota\">Unitat de Microbiota<\/option><option value=\"Unitat de Tractament del Dolor\">Unitat de Tractament del Dolor<\/option><option value=\"Unitat de Tricologia\">Unitat de Tricologia<\/option><option value=\"Urologia\">Urologia<\/option><\/select><\/span>\n\t\t<\/p>\n\t<\/div>\n\t<div class=\"mb-6\">\n\t\t<p><label> Doctor\/a<\/label><span class=\"wpcf7-form-control-wrap\" data-name=\"doctor\"><select class=\"wpcf7-form-control wpcf7-select\" aria-invalid=\"false\" name=\"doctor\"><option value=\"\">Selecciona el doctor\/a que te atendi\u00f3<\/option><option value=\"Andrea Tradacete\">Andrea Tradacete<\/option><option value=\"Dr. Agust\u00edn Espa\u00f1ol\">Dr. Agust\u00edn Espa\u00f1ol<\/option><option value=\"Dr. Albert Abad\">Dr. Albert Abad<\/option><option value=\"Dr. Albert Carri\u00f3n Puig\">Dr. Albert Carri\u00f3n Puig<\/option><option value=\"Dr. Alberto Arecchi\">Dr. Alberto Arecchi<\/option><option value=\"Dr. Aleix Sala\">Dr. Aleix Sala<\/option><option value=\"Dr. Alexandre Soler Perromat\">Dr. Alexandre Soler Perromat<\/option><option value=\"Dr. Alexandru Ciudin\">Dr. Alexandru Ciudin<\/option><option value=\"Dr. Alfredo Ad\u00e1n\">Dr. Alfredo Ad\u00e1n<\/option><option value=\"Dr. Alfredo Rigau\">Dr. Alfredo Rigau<\/option><option value=\"Dr. Alfredo Rodr\u00edguez Rodr\u00edguez\">Dr. Alfredo Rodr\u00edguez Rodr\u00edguez<\/option><option value=\"Dr. \u00c1lvaro Ojeda\">Dr. \u00c1lvaro Ojeda<\/option><option value=\"Dr. Andre\u00e9 Ibarra\">Dr. Andre\u00e9 Ibarra<\/option><option value=\"Dr. \u00c1ngel Mar\u00edn Su\u00e1rez\">Dr. \u00c1ngel Mar\u00edn Su\u00e1rez<\/option><option value=\"Dr. Antoni Rold\u00e1n\">Dr. Antoni Rold\u00e1n<\/option><option value=\"Dr. Antonio Gonz\u00e1lez Fern\u00e1ndez\">Dr. Antonio Gonz\u00e1lez Fern\u00e1ndez<\/option><option value=\"Dr. Augusto Covaro\">Dr. Augusto Covaro<\/option><option value=\"Dr. Boris Revollo\">Dr. Boris Revollo<\/option><option value=\"Dr. C\u00e1ndido Villanueva\">Dr. C\u00e1ndido Villanueva<\/option><option value=\"Dr. Carlos Cabrera G\u00e1lvez\">Dr. Carlos Cabrera G\u00e1lvez<\/option><option value=\"Dr. Carlos Guarner Aguilar\">Dr. Carlos Guarner Aguilar<\/option><option value=\"Dr. Carlos Guarner Argente\">Dr. Carlos Guarner Argente<\/option><option value=\"Dr. Christian Ferrufino\">Dr. Christian Ferrufino<\/option><option value=\"Dr. Corrado Gentile\">Dr. Corrado Gentile<\/option><option value=\"Dr. Crist\u00f3bal Segura\">Dr. Crist\u00f3bal Segura<\/option><option value=\"Dr. Daniel D. Flores Pereyra\">Dr. Daniel D. Flores Pereyra<\/option><option value=\"Dr. Eduard Garc\u00eda Cruz\">Dr. Eduard Garc\u00eda Cruz<\/option><option value=\"Dr. Eduard Ribas i Forcadell\">Dr. Eduard Ribas i Forcadell<\/option><option value=\"Dr. Emilio Garc\u00eda Iba\u00f1ez\">Dr. Emilio Garc\u00eda Iba\u00f1ez<\/option><option value=\"Dr. Enric Dom\u00ednguez\">Dr. Enric Dom\u00ednguez<\/option><option value=\"Dr. Enrique Falquez Segovia\">Dr. Enrique Falquez Segovia<\/option><option value=\"Dr. Ezequiel Paredes\">Dr. Ezequiel Paredes<\/option><option value=\"Dr. Fabrizio Moscatiello\">Dr. Fabrizio Moscatiello<\/option><option value=\"Dr. F\u00e9lix Chavarr\u00eda\">Dr. F\u00e9lix Chavarr\u00eda<\/option><option value=\"Dr. Fernando \u00c1lvarez Goenaga\">Dr. Fernando \u00c1lvarez Goenaga<\/option><option value=\"Dr. Fernando Clemente Armend\u00e1riz\">Dr. Fernando Clemente Armend\u00e1riz<\/option><option value=\"Dr. Fernando Pardo\">Dr. Fernando Pardo<\/option><option value=\"Dr. Fernando Santana\">Dr. Fernando Santana<\/option><option value=\"Dr. Francesc Molero\">Dr. Francesc Molero<\/option><option value=\"Dr. Germ\u00e1n Gaspar Ratto\">Dr. Germ\u00e1n Gaspar Ratto<\/option><option value=\"Dr. Germ\u00e1n Soriano\">Dr. Germ\u00e1n Soriano<\/option><option value=\"Dr. Gherzon Casanova\">Dr. Gherzon Casanova<\/option><option value=\"Dr. Ignacio Loinaz\">Dr. Ignacio Loinaz<\/option><option value=\"Dr. Isidro Pacheco\">Dr. Isidro Pacheco<\/option><option value=\"Dr. Jaime Rivero\">Dr. Jaime Rivero<\/option><option value=\"Dr. Javier Cabot\">Dr. Javier Cabot<\/option><option value=\"Dr. Javier Corral\">Dr. Javier Corral<\/option><option value=\"Dr. Javier de Oca Burguete\">Dr. Javier de Oca Burguete<\/option><option value=\"Dr. Javier del Vecchio\">Dr. Javier del Vecchio<\/option><option value=\"Dr. Javier Ponce de Le\u00f3n Roca\">Dr. Javier Ponce de Le\u00f3n Roca<\/option><option value=\"Dr. Javier Riera Alb\u00f3\">Dr. Javier Riera Alb\u00f3<\/option><option value=\"Dr. Joan Cabello\">Dr. Joan Cabello<\/option><option value=\"Dr. Joan Leal Blanquet\">Dr. Joan Leal Blanquet<\/option><option value=\"Dr. Jordi Boluda\">Dr. Jordi Boluda<\/option><option value=\"Dr. Jordi Cotillas\">Dr. Jordi Cotillas<\/option><option value=\"Dr. Jordi Folch\">Dr. Jordi Folch<\/option><option value=\"Dr. Jordi Font Segura\">Dr. Jordi Font Segura<\/option><option value=\"Dr. Jordi Gibert\">Dr. Jordi Gibert<\/option><option value=\"Dr. Jordi Guitart\">Dr. Jordi Guitart<\/option><option value=\"Dr. Jordi Montero Homs\">Dr. Jordi Montero Homs<\/option><option value=\"Dr. Jordi Tornero\">Dr. Jordi Tornero<\/option><option value=\"Dr. Jordi Vega\">Dr. Jordi Vega<\/option><option value=\"Dr. Jorge Huerta\">Dr. Jorge Huerta<\/option><option value=\"Dr. Jorge Kn\u00f6rr\">Dr. Jorge Kn\u00f6rr<\/option><option value=\"Dr. Jorge Mu\u00f1oz Aguiar\">Dr. Jorge Mu\u00f1oz Aguiar<\/option><option value=\"Dr. Jos\u00e9 Brea\">Dr. Jos\u00e9 Brea<\/option><option value=\"Dr. Jos\u00e9 Carlos Salord Oses\">Dr. Jos\u00e9 Carlos Salord Oses<\/option><option value=\"Dr. Jos\u00e9 Mar\u00eda Del Campo\">Dr. Jos\u00e9 Mar\u00eda Del Campo<\/option><option value=\"Dr. Jos\u00e9 Mar\u00eda Fuentes P\u00e9rez\">Dr. Jos\u00e9 Mar\u00eda Fuentes P\u00e9rez<\/option><option value=\"Dr. Jos\u00e9 Mar\u00eda Trivi\u00f1o\">Dr. Jos\u00e9 Mar\u00eda Trivi\u00f1o<\/option><option value=\"Dr. Jos\u00e9 Salazar\">Dr. Jos\u00e9 Salazar<\/option><option value=\"Dr. Josep A. Guti\u00e9rrez\">Dr. Josep A. Guti\u00e9rrez<\/option><option value=\"Dr. Josep Torras\">Dr. Josep Torras<\/option><option value=\"Dr. Juan Erquicia\">Dr. Juan Erquicia<\/option><option value=\"Dr. Juan Luis Quesada\">Dr. Juan Luis Quesada<\/option><option value=\"Dr. Juan Mat\u00edas\">Dr. Juan Mat\u00edas<\/option><option value=\"Dr. Juan Pablo Oglio\">Dr. Juan Pablo Oglio<\/option><option value=\"Dr. Juan-Francisco Zanui Maestre\">Dr. Juan-Francisco Zanui Maestre<\/option><option value=\"Dr. Llu\u00eds Nieto Fern\u00e1ndez\">Dr. Llu\u00eds Nieto Fern\u00e1ndez<\/option><option value=\"Dr. Luis Garc\u00eda Iba\u00f1ez\">Dr. Luis Garc\u00eda Iba\u00f1ez<\/option><option value=\"Dr. Marc Tey\">Dr. Marc Tey<\/option><option value=\"Dr. Mateus Rozalem Aranha\">Dr. Mateus Rozalem Aranha<\/option><option value=\"Dr. Maximino Gonz\u00e1lez\">Dr. Maximino Gonz\u00e1lez<\/option><option value=\"Dr. Mike Dewever\">Dr. Mike Dewever<\/option><option value=\"Dr. Narc\u00eds Camps\">Dr. Narc\u00eds Camps<\/option><option value=\"Dr. N\u00e9stor Ventura\">Dr. N\u00e9stor Ventura<\/option><option value=\"Dr. Oriol Pujol\">Dr. Oriol Pujol<\/option><option value=\"Dr. \u00d3scar Marcelo Gonz\u00e1lez Jim\u00e9nez\">Dr. \u00d3scar Marcelo Gonz\u00e1lez Jim\u00e9nez<\/option><option value=\"Dr. Pablo Sutelman\">Dr. Pablo Sutelman<\/option><option value=\"Dr. Quim Llena\">Dr. Quim Llena<\/option><option value=\"Dr. Ram\u00f3n Serrate Aguilera\">Dr. Ram\u00f3n Serrate Aguilera<\/option><option value=\"Dr. Rodolfo San Antonio\">Dr. Rodolfo San Antonio<\/option><option value=\"Dr. Santiago B\u00facar\">Dr. Santiago B\u00facar<\/option><option value=\"Dr. Santiago Viteri Ram\u00edrez\">Dr. Santiago Viteri Ram\u00edrez<\/option><option value=\"Dr. Sergi Barrantes\">Dr. Sergi Barrantes<\/option><option value=\"Dr. Sergi Colom\">Dr. Sergi Colom<\/option><option value=\"Dr. Tarek Traboulsi\">Dr. Tarek Traboulsi<\/option><option value=\"Dr. V\u00edctor Cabezas\">Dr. V\u00edctor Cabezas<\/option><option value=\"Dr. Xavier Adell Rocafort\">Dr. Xavier Adell Rocafort<\/option><option value=\"Dr. Xavier Aldeguer\">Dr. Xavier Aldeguer<\/option><option value=\"Dr. Xavier Corretger\">Dr. Xavier Corretger<\/option><option value=\"Dr. Xavier Lizano\">Dr. Xavier Lizano<\/option><option value=\"Dra. Adelaida Fandos Morera\">Dra. Adelaida Fandos Morera<\/option><option value=\"Dra. Agn\u00e8s Soriano\">Dra. Agn\u00e8s Soriano<\/option><option value=\"Dra. Alejandra Aristimu\u00f1o\">Dra. Alejandra Aristimu\u00f1o<\/option><option value=\"Dra. Ana Archidona\">Dra. Ana Archidona<\/option><option value=\"Dra. Andrea Horta-Barba\">Dra. Andrea Horta-Barba<\/option><option value=\"Dra. Anna Sala\">Dra. Anna Sala<\/option><option value=\"Dra. Antonela Costa\">Dra. Antonela Costa<\/option><option value=\"Dra. Anubis Contreras\">Dra. Anubis Contreras<\/option><option value=\"Dra. Astrid Cord\u00f3n\">Dra. Astrid Cord\u00f3n<\/option><option value=\"Dra. Berta Gasol\">Dra. Berta Gasol<\/option><option value=\"Dra. Carlota Gonz\u00e1lez Lluch\">Dra. Carlota Gonz\u00e1lez Lluch<\/option><option value=\"Dra. Carmen Pereyra\">Dra. Carmen Pereyra<\/option><option value=\"Dra. Cecilia Li\u00f1\u00e1n Pag\u00e9s\">Dra. Cecilia Li\u00f1\u00e1n Pag\u00e9s<\/option><option value=\"Dra. Cintyhia Vargas\">Dra. Cintyhia Vargas<\/option><option value=\"Dra. Claudia Pardo\">Dra. Claudia Pardo<\/option><option value=\"Dra. Cristina Sim\u00f3n\">Dra. Cristina Sim\u00f3n<\/option><option value=\"Dra. Daniela Finkelstein\">Dra. Daniela Finkelstein<\/option><option value=\"Dra. Daniella Parilli\">Dra. Daniella Parilli<\/option><option value=\"Dra. Elena Hern\u00e1ndez Montero\">Dra. Elena Hern\u00e1ndez Montero<\/option><option value=\"Dra. Elena Milla\">Dra. Elena Milla<\/option><option value=\"Dra. Eugenia De Lama Salvador\">Dra. Eugenia De Lama Salvador<\/option><option value=\"Dra. Eva Bagud\u00e0\">Dra. Eva Bagud\u00e0<\/option><option value=\"Dra. Gabriela Martins\">Dra. Gabriela Martins<\/option><option value=\"Dra. Gemma Arnedo\">Dra. Gemma Arnedo<\/option><option value=\"Dra. Inmaculada Ormaz\u00e1bal Ortiz de Orru\u00f1o\">Dra. Inmaculada Ormaz\u00e1bal Ortiz de Orru\u00f1o<\/option><option value=\"Dra. Inna Anbushinova\">Dra. Inna Anbushinova<\/option><option value=\"Dra. Jany Rodr\u00edguez\">Dra. Jany Rodr\u00edguez<\/option><option value=\"Dra. Karina Gordillo\">Dra. Karina Gordillo<\/option><option value=\"Dra. Laia Peries\">Dra. Laia Peries<\/option><option value=\"Dra. Lorena Flores\">Dra. Lorena Flores<\/option><option value=\"Dra. M\u00aa Angeles Zamora Sol\u00e1\">Dra. M\u00aa Angeles Zamora Sol\u00e1<\/option><option value=\"Dra. M\u00aa. Angeles Sola Casas\">Dra. M\u00aa. Angeles Sola Casas<\/option><option value=\"Dra. Maria Jos\u00e9 Ribal Caparr\u00f3s\">Dra. Maria Jos\u00e9 Ribal Caparr\u00f3s<\/option><option value=\"Dra. Mar\u00eda Mimbrero\">Dra. Mar\u00eda Mimbrero<\/option><option value=\"Dra. Maria Ysabel Saldarriaga\">Dra. Maria Ysabel Saldarriaga<\/option><option value=\"Dra. Marta Almenara\">Dra. Marta Almenara<\/option><option value=\"Dra. Marta Pazos\">Dra. Marta Pazos<\/option><option value=\"Dra. Marta Su\u00e1rez P\u00e9rez\">Dra. Marta Su\u00e1rez P\u00e9rez<\/option><option value=\"Dra. Melissa Novais\">Dra. Melissa Novais<\/option><option value=\"Dra. Mireia Castilla\">Dra. Mireia Castilla<\/option><option value=\"Dra. M\u00f3nica Povedano\">Dra. M\u00f3nica Povedano<\/option><option value=\"Dra. Montserrat Bertomeu Vallecillos\">Dra. Montserrat Bertomeu Vallecillos<\/option><option value=\"Dra. Natalia Parra\">Dra. Natalia Parra<\/option><option value=\"Dra. N\u00faria Fern\u00e1ndez-Coca\">Dra. N\u00faria Fern\u00e1ndez-Coca<\/option><option value=\"Dra. Paula \u00c1vila\">Dra. Paula \u00c1vila<\/option><option value=\"Dra. Paula Calvillo\">Dra. Paula Calvillo<\/option><option value=\"Dra. Paula Cruz\">Dra. Paula Cruz<\/option><option value=\"Dra. Paula Speranza\">Dra. Paula Speranza<\/option><option value=\"Dra. Pilar Lusilla\">Dra. Pilar Lusilla<\/option><option value=\"Dra. Romina Nicastro\">Dra. Romina Nicastro<\/option><option value=\"Dra. Rosa Regu\u00e9 Aldosa\">Dra. Rosa Regu\u00e9 Aldosa<\/option><option value=\"Dra. Samara Pimentel\">Dra. Samara Pimentel<\/option><option value=\"Dra. Sof\u00eda Carolina Cavalletto Perdomo\">Dra. Sof\u00eda Carolina Cavalletto Perdomo<\/option><option value=\"ECOGRAFIA\">ECOGRAFIA<\/option><option value=\"Ignacio Santos\">Ignacio Santos<\/option><option value=\"Jessica Juli\u00e1 Palacios\">Jessica Juli\u00e1 Palacios<\/option><option value=\"Layla Kadri\">Layla Kadri<\/option><option value=\"MAMOGRAF\u00cdA\">MAMOGRAF\u00cdA<\/option><option value=\"Mireia Porta\">Mireia Porta<\/option><option value=\"RESSON\u00c0NCIA\">RESSON\u00c0NCIA<\/option><option value=\"TAC\">TAC<\/option><option value=\"Teledermatologia\">Teledermatologia<\/option><\/select><\/span>\n\t\t<\/p>\n\t<\/div>\n<\/div>\n<p><label class=\"mb-6\"> El teu testimoni (m\u00e0x. 190 caracters)*<br \/>\n<span class=\"wpcf7-form-control-wrap\" data-name=\"your-message\"><textarea cols=\"40\" rows=\"10\" maxlength=\"2000\" class=\"wpcf7-form-control wpcf7-textarea wpcf7-validates-as-required\" aria-required=\"true\" aria-invalid=\"false\" placeholder=\"Escriu aqu\u00ed l\u2019assumpte del teu missatge\" name=\"your-message\"><\/textarea><\/span> <\/label>\n<\/p>\n<div class=\"flex flex-col md:flex-row items-center justify-between\">\n\t<div class=\"inline-block\">\n\t\t<p><span class=\"wpcf7-form-control-wrap\" data-name=\"your-consent\"><span class=\"wpcf7-form-control wpcf7-acceptance\"><span class=\"wpcf7-list-item\"><label><input type=\"checkbox\" name=\"your-consent\" value=\"1\" aria-invalid=\"false\" \/><span class=\"wpcf7-list-item-label\">Consenteixo el tractament de les meves dades d'acord amb la <a href=\"https:\/\/clinicasmi.com\/ca\/politica-privacidad\/\">Pol\u00edtica de Privadesa<\/a> que he llegit i acceptat.<\/span><\/label><\/span><\/span><\/span>\n\t\t<\/p>\n\t<\/div>\n\t<div class=\"inline-block\">\n\t\t<p><input class=\"wpcf7-form-control wpcf7-submit has-spinner right\" type=\"submit\" value=\"Enviar\" \/>\n\t\t<\/p>\n\t<\/div>\n<\/div><div class=\"wpcf7-response-output\" aria-hidden=\"true\"><\/div>\n<\/form>\n<\/div>\n<\/div>\n","protected":false},"excerpt":{"rendered":"<p>El vostre testimoni \u00e9s molt important i ens ajuda a millorar cada dia. Tant si heu tingut una bona experi\u00e8ncia amb nosaltres com si considereu que hem de millorar en algun aspecte, ens agradar\u00e0 con\u00e8ixer la vostra opini\u00f3.<\/p>\n","protected":false},"author":1,"featured_media":0,"parent":0,"menu_order":0,"comment_status":"closed","ping_status":"closed","template":"","meta":{"_acf_changed":false,"_uag_custom_page_level_css":"","footnotes":""},"class_list":["post-10612","page","type-page","status-publish","hentry"],"acf":false,"uagb_featured_image_src":{"full":false,"thumbnail":false,"medium":false,"medium_large":false,"large":false,"1536x1536":false,"2048x2048":false},"uagb_author_info":{"display_name":"@clinicasmi","author_link":"https:\/\/mitrestorres.com\/ca\/author\/clinicasmi\/"},"uagb_comment_info":0,"uagb_excerpt":"El vostre testimoni \u00e9s molt important i ens ajuda a millorar cada dia. Tant si heu tingut una bona experi\u00e8ncia amb nosaltres com si considereu que hem de millorar en algun aspecte, ens agradar\u00e0 con\u00e8ixer la vostra opini\u00f3.","_links":{"self":[{"href":"https:\/\/mitrestorres.com\/ca\/wp-json\/wp\/v2\/pages\/10612","targetHints":{"allow":["GET"]}}],"collection":[{"href":"https:\/\/mitrestorres.com\/ca\/wp-json\/wp\/v2\/pages"}],"about":[{"href":"https:\/\/mitrestorres.com\/ca\/wp-json\/wp\/v2\/types\/page"}],"author":[{"embeddable":true,"href":"https:\/\/mitrestorres.com\/ca\/wp-json\/wp\/v2\/users\/1"}],"replies":[{"embeddable":true,"href":"https:\/\/mitrestorres.com\/ca\/wp-json\/wp\/v2\/comments?post=10612"}],"version-history":[{"count":2,"href":"https:\/\/mitrestorres.com\/ca\/wp-json\/wp\/v2\/pages\/10612\/revisions"}],"predecessor-version":[{"id":10614,"href":"https:\/\/mitrestorres.com\/ca\/wp-json\/wp\/v2\/pages\/10612\/revisions\/10614"}],"wp:attachment":[{"href":"https:\/\/mitrestorres.com\/ca\/wp-json\/wp\/v2\/media?parent=10612"}],"curies":[{"name":"wp","href":"https:\/\/api.w.org\/{rel}","templated":true}]}}